{"id":116,"date":"2019-05-21T09:26:24","date_gmt":"2019-05-21T07:26:24","guid":{"rendered":"http:\/\/web.fego.jsa.ch\/?page_id=116"},"modified":"2025-11-22T11:12:15","modified_gmt":"2025-11-22T10:12:15","slug":"kurse-mit-bon","status":"publish","type":"page","link":"https:\/\/www.fego.ch\/?page_id=116","title":{"rendered":"Kurse mit Bon"},"content":{"rendered":"<div class=\"wp-block-image is-resized\">\n<figure class=\"alignleft\"><img loading=\"lazy\" decoding=\"async\" width=\"723\" height=\"1024\" src=\"https:\/\/www.fego.ch\/wp-content\/uploads\/2019\/05\/Kamerapass-723x1024.jpg\" alt=\"\" class=\"wp-image-115\" srcset=\"https:\/\/www.fego.ch\/wp-content\/uploads\/2019\/05\/Kamerapass-723x1024.jpg 723w, https:\/\/www.fego.ch\/wp-content\/uploads\/2019\/05\/Kamerapass-212x300.jpg 212w, https:\/\/www.fego.ch\/wp-content\/uploads\/2019\/05\/Kamerapass-768x1087.jpg 768w, https:\/\/www.fego.ch\/wp-content\/uploads\/2019\/05\/Kamerapass.jpg 868w\" sizes=\"auto, (max-width: 723px) 100vw, 723px\" \/><\/figure>\n<\/div>\n\n\n<p><br><br>Haben Sie einen Bon aus dem<strong> Fego-Kamerapass?<\/strong><br>Dann sind Sie hier genau Richtig. Achten Sie darauf das der Bon vom Fachh\u00e4ndler auf der R\u00fcckseite abgestempelt ist.<br><\/p>\n\n\n\n<h2 class=\"wp-block-heading\">Fotografieren und Bearbeiten<\/h2>\n\n\n\n<p> <br>Im richtigen Moment ausl\u00f6sen. Die richtige Position finden. Den richtigen Moment erwischen\u2026<br><br>Brauche ich einen Blitz? Zu welcher Aufnahme nehme ich welches Objektiv? Wozu brauche ich einen Fernausl\u00f6ser?<br><br>Was kann ich am PC bearbeiten. Wie viel ist n\u00f6tig. Wie viel ist zu viel?<br><br>Tipps und Tricks zum selber Fotografieren<br><br>Einen  Kurs rund ums Fotografieren. Lernen Sie in vier Lektionen alles  Wichtige \u00fcber Fotografieren, welches Zubeh\u00f6r Sie wirklich brauchen und  wie man ein Bild am Computer, in wenigen Schritten, bearbeitet <br> <br>Kursinhalte:<br> <strong>1. Teil: Fotografie in der Theorie<\/strong><br>was sind die am h\u00e4ufigsten gemachten Fehler und wie umgehen wir diese<br>kleine Tricks und Tipps zum Fotografieren<br><br>&nbsp;<br><strong> 2. Teil: Zubeh\u00f6r und ihr Nutzen<\/strong><br>wir sprechen \u00fcber die Nutzung und Notwendigkeit von Fotozubeh\u00f6r<br>was kann man brauchen, was ist \u00fcberfl\u00fcssig<br><br>&nbsp;<br> <em>Pause <\/em>(Es wird offeriert ein Kaffee und ein Zn\u00fcni f\u00fcr die Teilnehmer)<br><br>&nbsp;<br><strong> 3. Teil: Fotografie in der Praxis<\/strong><br>was wir Neues erlernt haben, testen wir<br>Arbeiten mit der Kamera<br>was wir sonst noch Wissen sollten<br><br>&nbsp;<br><strong> 4. Teil: Bearbeitung<\/strong><br>zu wenig, zu viel. Wo liegen die Grenzen<br>Fehler im Bild. Was man bereits in der Fotografie beachten sollte<br>einf\u00fcgen von Titel und Beschriftungen<br>schneiden, einf\u00fcgen. Bild in Bild<br>was sonst noch Wissenswert ist <br><br><br><\/p>\n\n\n\n<figure class=\"wp-block-table is-style-stripes\"><table><tbody><tr><td><strong>Kurs Nr.<\/strong><\/td><td><strong>OM-090626<\/strong>B<\/td><\/tr><tr><td>Teilnehmer:<\/td><td>Max 6 Personen<\/td><\/tr><tr><td>Dauer:<\/td><td>4 Lektionen (zu 45 min.)<\/td><\/tr><tr><td>Zeit:<\/td><td>9:00 Uhr bis ca 12:30 Uhr<\/td><\/tr><tr><td>Datum:<\/td><td>Samstag 9. Mai 2026<\/td><\/tr><tr><td>Kosten:<\/td><td>CHF 180.- (mit Bon kostenlos)<\/td><\/tr><tr><td>Kursleitung:<\/td><td>Michael Oess<\/td><\/tr><tr><td>Kontakt:<\/td><td>062 212 28 82<\/td><\/tr><tr><td><\/td><td><\/td><\/tr><\/tbody><\/table><\/figure>\n\n\n\n<h2 class=\"wp-block-heading\">Zum Kurs anmelden:<\/h2>\n\n\n\n<p><strong>Wir geben Ihre Daten nicht weiter !!<\/strong><\/p>\n\n\n\n<div class=\"wpcf7 no-js\" id=\"wpcf7-f145-o1\" lang=\"de-CH\" dir=\"ltr\" data-wpcf7-id=\"145\">\n<div class=\"screen-reader-response\"><p role=\"status\" aria-live=\"polite\" aria-atomic=\"true\"><\/p> <ul><\/ul><\/div>\n<form action=\"\/index.php?rest_route=%2Fwp%2Fv2%2Fpages%2F116#wpcf7-f145-o1\" method=\"post\" class=\"wpcf7-form init\" aria-label=\"Contact form\" novalidate=\"novalidate\" data-status=\"init\">\n<fieldset class=\"hidden-fields-container\"><input type=\"hidden\" name=\"_wpcf7\" value=\"145\" \/><input type=\"hidden\" name=\"_wpcf7_version\" value=\"6.1.4\" \/><input type=\"hidden\" name=\"_wpcf7_locale\" value=\"de_CH\" \/><input type=\"hidden\" name=\"_wpcf7_unit_tag\" value=\"wpcf7-f145-o1\" \/><input type=\"hidden\" name=\"_wpcf7_container_post\" value=\"0\" \/><input type=\"hidden\" name=\"_wpcf7_posted_data_hash\" value=\"\" \/><input type=\"hidden\" name=\"_wpcf7_recaptcha_response\" value=\"\" \/>\n<\/fieldset>\n<p><label> Kurs Nr. (erforderlich)<br \/>\n<span class=\"wpcf7-form-control-wrap\" data-name=\"Kursnummer\"><input size=\"40\" maxlength=\"400\" class=\"wpcf7-form-control wpcf7-text wpcf7-validates-as-required\" aria-required=\"true\" aria-invalid=\"false\" value=\"\" type=\"text\" name=\"Kursnummer\" \/><\/span> <\/label>\n<\/p>\n<p><label> Ihr Name (erforderlich)<br \/>\n<span class=\"wpcf7-form-control-wrap\" data-name=\"your-name\"><input size=\"40\" maxlength=\"400\" class=\"wpcf7-form-control wpcf7-text wpcf7-validates-as-required\" aria-required=\"true\" aria-invalid=\"false\" value=\"\" type=\"text\" name=\"your-name\" \/><\/span> <\/label>\n<\/p>\n<p><label> Vorname (erforderlich)<br \/>\n<span class=\"wpcf7-form-control-wrap\" data-name=\"Vorname\"><input size=\"40\" maxlength=\"400\" class=\"wpcf7-form-control wpcf7-text wpcf7-validates-as-required\" aria-required=\"true\" aria-invalid=\"false\" value=\"\" type=\"text\" name=\"Vorname\" \/><\/span> <\/label>\n<\/p>\n<p><label> Strasse und Nummer (erforderlich)<br \/>\n<span class=\"wpcf7-form-control-wrap\" data-name=\"Strasse\"><input size=\"40\" maxlength=\"400\" class=\"wpcf7-form-control wpcf7-text wpcf7-validates-as-required\" aria-required=\"true\" aria-invalid=\"false\" value=\"\" type=\"text\" name=\"Strasse\" \/><\/span> <\/label>\n<\/p>\n<p><label> PLZ und Ort (erforderlich)<br \/>\n<span class=\"wpcf7-form-control-wrap\" data-name=\"PLZundOrt\"><input size=\"40\" maxlength=\"400\" class=\"wpcf7-form-control wpcf7-text wpcf7-validates-as-required\" aria-required=\"true\" aria-invalid=\"false\" value=\"\" type=\"text\" name=\"PLZundOrt\" \/><\/span> <\/label>\n<\/p>\n<p><label> Geburtsdatum (erforderlich)<br \/>\n<span class=\"wpcf7-form-control-wrap\" data-name=\"Geburtsdatum\"><input size=\"40\" maxlength=\"400\" class=\"wpcf7-form-control wpcf7-text wpcf7-validates-as-required\" aria-required=\"true\" aria-invalid=\"false\" value=\"\" type=\"text\" name=\"Geburtsdatum\" \/><\/span> <\/label>\n<\/p>\n<p><label> Ihre E-Mail (erforderlich)<br \/>\n<span class=\"wpcf7-form-control-wrap\" data-name=\"your-email\"><input size=\"40\" maxlength=\"400\" class=\"wpcf7-form-control wpcf7-email wpcf7-validates-as-required wpcf7-text wpcf7-validates-as-email\" aria-required=\"true\" aria-invalid=\"false\" value=\"\" type=\"email\" name=\"your-email\" \/><\/span> <\/label>\n<\/p>\n<p><label> Telefon<br \/>\n<span class=\"wpcf7-form-control-wrap\" data-name=\"telefon\"><input size=\"40\" maxlength=\"400\" class=\"wpcf7-form-control wpcf7-text\" aria-invalid=\"false\" value=\"\" type=\"text\" name=\"telefon\" \/><\/span> <\/label>\n<\/p>\n<p><label> Welche Kamera bringen Sie mit (erforderlich)<br \/>\n<span class=\"wpcf7-form-control-wrap\" data-name=\"Welchekamera\"><input size=\"40\" maxlength=\"400\" class=\"wpcf7-form-control wpcf7-text wpcf7-validates-as-required\" aria-required=\"true\" aria-invalid=\"false\" value=\"\" type=\"text\" name=\"Welchekamera\" \/><\/span> <\/label>\n<\/p>\n<p><label> Ihr Wunsch an uns<br \/>\n<span class=\"wpcf7-form-control-wrap\" data-name=\"your-message\"><textarea cols=\"40\" rows=\"10\" maxlength=\"2000\" class=\"wpcf7-form-control wpcf7-textarea\" aria-invalid=\"false\" name=\"your-message\"><\/textarea><\/span> <\/label>\n<\/p>\n<p><input class=\"wpcf7-form-control wpcf7-submit has-spinner\" type=\"submit\" value=\"Senden\" \/>\n<\/p><div class=\"wpcf7-response-output\" aria-hidden=\"true\"><\/div>\n<\/form>\n<\/div>\n\n","protected":false},"excerpt":{"rendered":"<p>Haben Sie einen Bon aus dem Fego-Kamerapass?Dann sind Sie hier genau Richtig. Achten Sie darauf das der Bon vom Fachh\u00e4ndler auf der R\u00fcckseite abgestempelt ist. Fotografieren und Bearbeiten Im richtigen Moment ausl\u00f6sen. Die richtige Position finden. Den richtigen Moment erwischen\u2026 Brauche ich einen Blitz? Zu welcher Aufnahme nehme ich welches Objektiv? Wozu brauche ich einen &hellip; <a href=\"https:\/\/www.fego.ch\/?page_id=116\" class=\"more-link\"><span class=\"screen-reader-text\">Kurse mit Bon<\/span> weiterlesen <span class=\"meta-nav\">&rarr;<\/span><\/a><\/p>\n","protected":false},"author":1,"featured_media":0,"parent":0,"menu_order":0,"comment_status":"closed","ping_status":"closed","template":"","meta":{"footnotes":"","_links_to":"","_links_to_target":""},"class_list":["post-116","page","type-page","status-publish","hentry"],"_links":{"self":[{"href":"https:\/\/www.fego.ch\/index.php?rest_route=\/wp\/v2\/pages\/116","targetHints":{"allow":["GET"]}}],"collection":[{"href":"https:\/\/www.fego.ch\/index.php?rest_route=\/wp\/v2\/pages"}],"about":[{"href":"https:\/\/www.fego.ch\/index.php?rest_route=\/wp\/v2\/types\/page"}],"author":[{"embeddable":true,"href":"https:\/\/www.fego.ch\/index.php?rest_route=\/wp\/v2\/users\/1"}],"replies":[{"embeddable":true,"href":"https:\/\/www.fego.ch\/index.php?rest_route=%2Fwp%2Fv2%2Fcomments&post=116"}],"version-history":[{"count":58,"href":"https:\/\/www.fego.ch\/index.php?rest_route=\/wp\/v2\/pages\/116\/revisions"}],"predecessor-version":[{"id":2232,"href":"https:\/\/www.fego.ch\/index.php?rest_route=\/wp\/v2\/pages\/116\/revisions\/2232"}],"wp:attachment":[{"href":"https:\/\/www.fego.ch\/index.php?rest_route=%2Fwp%2Fv2%2Fmedia&parent=116"}],"curies":[{"name":"wp","href":"https:\/\/api.w.org\/{rel}","templated":true}]}}