{"id":1533,"date":"2022-02-17T09:48:14","date_gmt":"2022-02-17T08:48:14","guid":{"rendered":"https:\/\/www.fego.ch\/?page_id=1533"},"modified":"2023-03-01T10:00:13","modified_gmt":"2023-03-01T09:00:13","slug":"wunschthema","status":"publish","type":"page","link":"https:\/\/www.fego.ch\/?page_id=1533","title":{"rendered":"Wunschthema"},"content":{"rendered":"\n<div class=\"wp-block-columns has-2-columns is-layout-flex wp-container-core-columns-is-layout-9d6595d7 wp-block-columns-is-layout-flex\">\n<div class=\"wp-block-column is-layout-flow wp-block-column-is-layout-flow\">\n<p>In diesem Kurs behandeln wir ein von <strong>Ihnen gew\u00fcnschtes<br>Thema<\/strong>.  Hier sind auch kurze Lektionen m\u00f6glich <\/p>\n<\/div>\n\n\n\n<div class=\"wp-block-column is-layout-flow wp-block-column-is-layout-flow\">\n<figure class=\"wp-block-image size-full\"><img loading=\"lazy\" decoding=\"async\" width=\"591\" height=\"391\" src=\"https:\/\/www.fego.ch\/wp-content\/uploads\/2019\/05\/Solothurn7.jpg\" alt=\"\" class=\"wp-image-720\" srcset=\"https:\/\/www.fego.ch\/wp-content\/uploads\/2019\/05\/Solothurn7.jpg 591w, https:\/\/www.fego.ch\/wp-content\/uploads\/2019\/05\/Solothurn7-300x198.jpg 300w\" sizes=\"auto, (max-width: 591px) 100vw, 591px\" \/><\/figure>\n<\/div>\n<\/div>\n\n\n\n<h2 class=\"wp-block-heading\" id=\"kursinhalt\">Kursinhalt:<\/h2>\n\n\n\n<p>Brauchen Sie in einem bestimmten Bereich etwas Hilfe? Dann sind Sie hier genau richtig. Nach vorg\u00e4ngiger Absprache, helfen wir gerne bei Ihrem Wunschthema.<\/p>\n\n\n\n<h3 class=\"wp-block-heading\" id=\"beispiele\"> Beispiele: <\/h3>\n\n\n\n<ul class=\"wp-block-list\">\n<li>Grundfunktinen der Kamera<\/li>\n\n\n\n<li>Messfeld (Spot und Mittelbetont)<\/li>\n\n\n\n<li>Blende<\/li>\n\n\n\n<li>Verschlusszeit<\/li>\n\n\n\n<li>Tiefensch\u00e4rfe<\/li>\n\n\n\n<li>ISO<\/li>\n\n\n\n<li>Langzeitbelichtung<\/li>\n\n\n\n<li>Tieraufnahmen<\/li>\n\n\n\n<li>Blenden oder Zeit Vorwahl<\/li>\n<\/ul>\n\n\n\n<p><strong>Wir&nbsp;helfen Ihnen beim Einstellen Ihrer Kamera<\/strong><\/p>\n\n\n\n<h1 class=\"wp-block-heading\" id=\"bitte-beachten-sie\">Bitte beachten Sie:<\/h1>\n\n\n\n<ul class=\"wp-block-list\">\n<li>Versicherung ist Sache der Teilnehmer <\/li>\n\n\n\n<li>Ziehen Sie gute, dem Wetter entsprechende Kleider an<\/li>\n\n\n\n<li>Sie ben\u00f6tigen eine digitale Spiegelreflex, oder System-Kamera<\/li>\n\n\n\n<li>Natur und Tier Aufnahmen brauchen sehr viel Geduld.<\/li>\n<\/ul>\n\n\n\n<p><br><br>Intressiert? . Dann melden Sie sich doch gleich mit dem Formular ganz unten an. <strong>W\u00e4hlen Sie im Feld Kurs &#171;Wunschthema&#187; <\/strong>Wir nehmen dann Kontakt zu Ihnen auf und besprechen alles n\u00f6tige.<br><br><\/p>\n\n\n\n<figure class=\"wp-block-table is-style-stripes\"><table><tbody><tr><td>Kurs Nr.<\/td><td> OMWU-<\/td><\/tr><tr><td>Datum:<\/td><td>Nach Absprache<\/td><\/tr><tr><td>Verschiebedatum bei<br>schlechtem Wetter: <\/td><td>Nach Absprache <\/td><\/tr><tr><td>Dauer:<\/td><td>Nach Absprache<\/td><\/tr><tr><td>Zeit:<\/td><td>Nach Absprache<\/td><\/tr><tr><td> Teilnehmer:   <\/td><td>Durchf\u00fchrung ab 1, Maximum 6 Personen <\/td><\/tr><tr><td> Kosten:   <\/td><td>Fr. 50.-\/Lektion (45 Minuten vor Ort)<\/td><\/tr><tr><td> Kursleitung:   <\/td><td>Michael Oess<\/td><\/tr><tr><td> Kontakt:   <\/td><td>062 212 28 82 \/ <a href=\"mailto:m.oess@fego.ch\">m.oess@fego.ch<\/a><\/td><\/tr><\/tbody><\/table><\/figure>\n\n\n\n<h2 class=\"wp-block-heading\" id=\"zum-kurs-anmelden\">Zum Kurs anmelden:<\/h2>\n\n\n\n<p><strong>Wir geben Ihre Daten nicht weiter !!<\/strong><br><\/p>\n\n\n\n<div class=\"wpcf7 no-js\" id=\"wpcf7-f372-o1\" lang=\"de-CH\" dir=\"ltr\" data-wpcf7-id=\"372\">\n<div class=\"screen-reader-response\"><p role=\"status\" aria-live=\"polite\" aria-atomic=\"true\"><\/p> <ul><\/ul><\/div>\n<form action=\"\/index.php?rest_route=%2Fwp%2Fv2%2Fpages%2F1533#wpcf7-f372-o1\" method=\"post\" class=\"wpcf7-form init\" aria-label=\"Contact form\" novalidate=\"novalidate\" data-status=\"init\">\n<fieldset class=\"hidden-fields-container\"><input type=\"hidden\" name=\"_wpcf7\" value=\"372\" \/><input type=\"hidden\" name=\"_wpcf7_version\" value=\"6.1.5\" \/><input type=\"hidden\" name=\"_wpcf7_locale\" value=\"de_CH\" \/><input type=\"hidden\" name=\"_wpcf7_unit_tag\" value=\"wpcf7-f372-o1\" \/><input type=\"hidden\" name=\"_wpcf7_container_post\" value=\"0\" \/><input type=\"hidden\" name=\"_wpcf7_posted_data_hash\" value=\"\" \/><input type=\"hidden\" name=\"_wpcf7_recaptcha_response\" value=\"\" \/>\n<\/fieldset>\n<p>Kurs (erforderlich)<br \/>\n<span class=\"wpcf7-form-control-wrap\" data-name=\"welcherkurs\"><select class=\"wpcf7-form-control wpcf7-select wpcf7-validates-as-required\" aria-required=\"true\" aria-invalid=\"false\" name=\"welcherkurs\"><option value=\"\">&#8211; Bitte ausw\u00e4hlen &#8211;<\/option><option value=\"23. Mai 2026 Nahaufnahmen\">23. Mai 2026 Nahaufnahmen<\/option><option value=\"06. Juni 2026 Exkursion Zoo\">06. Juni 2026 Exkursion Zoo<\/option><option value=\"20. Juni 2026 Exkursion Teufelsschlucht\">20. Juni 2026 Exkursion Teufelsschlucht<\/option><option value=\"11. Juli 2026 Einstieg Systemkameras\">11. Juli 2026 Einstieg Systemkameras<\/option><option value=\"15. Juli 2026 Exkursion Zoo\">15. Juli 2026 Exkursion Zoo<\/option><option value=\"18. Juli 2026 Exkursion Papiliorama\">18. Juli 2026 Exkursion Papiliorama<\/option><option value=\"07. November 2026 Fotografieren und Bearbeiten\">07. November 2026 Fotografieren und Bearbeiten<\/option><option value=\"Wunschthema (wir melden uns bei Ihnen)\">Wunschthema (wir melden uns bei Ihnen)<\/option><option value=\"Nach Absprache (f\u00fcr alle Kurse m\u00f6glich)\">Nach Absprache (f\u00fcr alle Kurse m\u00f6glich)<\/option><\/select><\/span>\n<\/p>\n<p><label> Ihr Name (erforderlich)<br \/>\n<span class=\"wpcf7-form-control-wrap\" data-name=\"your-name\"><input size=\"40\" maxlength=\"400\" class=\"wpcf7-form-control wpcf7-text wpcf7-validates-as-required\" aria-required=\"true\" aria-invalid=\"false\" value=\"\" type=\"text\" name=\"your-name\" \/><\/span> <\/label>\n<\/p>\n<p><label> Vorname (erforderlich)<br \/>\n<span class=\"wpcf7-form-control-wrap\" data-name=\"Vorname\"><input size=\"40\" maxlength=\"400\" class=\"wpcf7-form-control wpcf7-text wpcf7-validates-as-required\" aria-required=\"true\" aria-invalid=\"false\" value=\"\" type=\"text\" name=\"Vorname\" \/><\/span> <\/label>\n<\/p>\n<p><label> Strasse und Nummer (erforderlich)<br \/>\n<span class=\"wpcf7-form-control-wrap\" data-name=\"Strasse\"><input size=\"40\" maxlength=\"400\" class=\"wpcf7-form-control wpcf7-text wpcf7-validates-as-required\" aria-required=\"true\" aria-invalid=\"false\" value=\"\" type=\"text\" name=\"Strasse\" \/><\/span> <\/label>\n<\/p>\n<p><label> PLZ und Ort (erforderlich)<br \/>\n<span class=\"wpcf7-form-control-wrap\" data-name=\"PLZundOrt\"><input size=\"40\" maxlength=\"400\" class=\"wpcf7-form-control wpcf7-text wpcf7-validates-as-required\" aria-required=\"true\" aria-invalid=\"false\" value=\"\" type=\"text\" name=\"PLZundOrt\" \/><\/span> <\/label>\n<\/p>\n<p><label> Geburtsdatum (erforderlich)<br \/>\n<span class=\"wpcf7-form-control-wrap\" data-name=\"Geburtsdatum\"><input size=\"40\" maxlength=\"400\" class=\"wpcf7-form-control wpcf7-text wpcf7-validates-as-required\" aria-required=\"true\" aria-invalid=\"false\" value=\"\" type=\"text\" name=\"Geburtsdatum\" \/><\/span> <\/label>\n<\/p>\n<p><label> Ihre E-Mail (erforderlich)<br \/>\n<span class=\"wpcf7-form-control-wrap\" data-name=\"your-email\"><input size=\"40\" maxlength=\"400\" class=\"wpcf7-form-control wpcf7-email wpcf7-validates-as-required wpcf7-text wpcf7-validates-as-email\" aria-required=\"true\" aria-invalid=\"false\" value=\"\" type=\"email\" name=\"your-email\" \/><\/span> <\/label>\n<\/p>\n<p><label> Telefon<br \/>\n<span class=\"wpcf7-form-control-wrap\" data-name=\"telefon\"><input size=\"40\" maxlength=\"400\" class=\"wpcf7-form-control wpcf7-text\" aria-invalid=\"false\" value=\"\" type=\"text\" name=\"telefon\" \/><\/span> <\/label>\n<\/p>\n<p><label> Welche Kamera bringen Sie mit (erforderlich)<br \/>\n<span class=\"wpcf7-form-control-wrap\" data-name=\"Welchekamera\"><input size=\"40\" maxlength=\"400\" class=\"wpcf7-form-control wpcf7-text wpcf7-validates-as-required\" aria-required=\"true\" aria-invalid=\"false\" value=\"\" type=\"text\" name=\"Welchekamera\" \/><\/span> <\/label>\n<\/p>\n<p><label> Ihr Wunsch an uns<br \/>\n<span class=\"wpcf7-form-control-wrap\" data-name=\"your-message\"><textarea cols=\"40\" rows=\"10\" maxlength=\"2000\" class=\"wpcf7-form-control wpcf7-textarea\" aria-invalid=\"false\" name=\"your-message\"><\/textarea><\/span> <\/label>\n<\/p>\n<p><input class=\"wpcf7-form-control wpcf7-submit has-spinner\" type=\"submit\" value=\"Senden\" \/>\n<\/p><div class=\"wpcf7-response-output\" aria-hidden=\"true\"><\/div>\n<\/form>\n<\/div>\n\n","protected":false},"excerpt":{"rendered":"<p>In diesem Kurs behandeln wir ein von Ihnen gew\u00fcnschtesThema. Hier sind auch kurze Lektionen m\u00f6glich Kursinhalt: Brauchen Sie in einem bestimmten Bereich etwas Hilfe? Dann sind Sie hier genau richtig. Nach vorg\u00e4ngiger Absprache, helfen wir gerne bei Ihrem Wunschthema. Beispiele: Wir&nbsp;helfen Ihnen beim Einstellen Ihrer Kamera Bitte beachten Sie: Intressiert? . Dann melden Sie sich &hellip; <a href=\"https:\/\/www.fego.ch\/?page_id=1533\" class=\"more-link\"><span class=\"screen-reader-text\">Wunschthema<\/span> weiterlesen <span class=\"meta-nav\">&rarr;<\/span><\/a><\/p>\n","protected":false},"author":1,"featured_media":0,"parent":0,"menu_order":0,"comment_status":"closed","ping_status":"closed","template":"","meta":{"footnotes":"","_links_to":"","_links_to_target":""},"class_list":["post-1533","page","type-page","status-publish","hentry"],"_links":{"self":[{"href":"https:\/\/www.fego.ch\/index.php?rest_route=\/wp\/v2\/pages\/1533","targetHints":{"allow":["GET"]}}],"collection":[{"href":"https:\/\/www.fego.ch\/index.php?rest_route=\/wp\/v2\/pages"}],"about":[{"href":"https:\/\/www.fego.ch\/index.php?rest_route=\/wp\/v2\/types\/page"}],"author":[{"embeddable":true,"href":"https:\/\/www.fego.ch\/index.php?rest_route=\/wp\/v2\/users\/1"}],"replies":[{"embeddable":true,"href":"https:\/\/www.fego.ch\/index.php?rest_route=%2Fwp%2Fv2%2Fcomments&post=1533"}],"version-history":[{"count":15,"href":"https:\/\/www.fego.ch\/index.php?rest_route=\/wp\/v2\/pages\/1533\/revisions"}],"predecessor-version":[{"id":1761,"href":"https:\/\/www.fego.ch\/index.php?rest_route=\/wp\/v2\/pages\/1533\/revisions\/1761"}],"wp:attachment":[{"href":"https:\/\/www.fego.ch\/index.php?rest_route=%2Fwp%2Fv2%2Fmedia&parent=1533"}],"curies":[{"name":"wp","href":"https:\/\/api.w.org\/{rel}","templated":true}]}}