{"id":33,"date":"2019-05-19T20:33:57","date_gmt":"2019-05-19T18:33:57","guid":{"rendered":"http:\/\/web.fego.jsa.ch\/?page_id=33"},"modified":"2019-12-21T14:10:38","modified_gmt":"2019-12-21T13:10:38","slug":"wer-sind-wir","status":"publish","type":"page","link":"https:\/\/www.fego.ch\/?page_id=33","title":{"rendered":"Wer sind wir"},"content":{"rendered":"\n<div class=\"wp-block-image\"><figure class=\"alignleft\"><img loading=\"lazy\" decoding=\"async\" width=\"100\" height=\"140\" src=\"https:\/\/www.fego.ch\/wp-content\/uploads\/2019\/05\/Bruno.jpg\" alt=\"\" class=\"wp-image-34\"\/><\/figure><\/div>\n\n\n\n<p><strong>Bruno W. Oess<\/strong>\n<\/p>\n\n\n\n<p>CEO, Verwaltungsratspr\u00e4sident\n<\/p>\n\n\n\n<p><a href=\"mailto:info@fego.ch\">info@fego.ch<\/a><\/p>\n\n\n\n<div class=\"wp-block-image\"><figure class=\"alignleft\"><img loading=\"lazy\" decoding=\"async\" width=\"100\" height=\"140\" src=\"https:\/\/www.fego.ch\/wp-content\/uploads\/2019\/05\/Michael.jpg\" alt=\"\" class=\"wp-image-35\"\/><\/figure><\/div>\n\n\n\n<p><br><strong>Michael Oess<\/strong> <\/p>\n\n\n\n<p>Gesch\u00e4ftsf\u00fchrer\n<\/p>\n\n\n\n<p><a href=\"mailto:m.oess@fego.ch\">m.oess@fego.ch<\/a><\/p>\n\n\n\n<p class=\"has-text-align-left\"><br><br>Fego AG<br>Sternenweg 1<br>4702 Oensingen<br><br>Tel: 062 212 28 82<br> <br><\/p>\n\n\n\n<p><br><br>Preis- und Modell\u00e4nderungen bleiben immer vorbehalten<br><br>Postcheck-Konto: 46-3211-8<br>Bank Cler IBAN: CH21 0844 0874 9672 9000 6    <br><br><br><br><\/p>\n\n\n\n<p> Geben Sie Ihren Standort ein um eine Wegbeschreibung zu erhalten ! <\/p>\n\n\n\n<form action=\"http:\/\/maps.google.com\/maps\" method=\"get\" target=\"_blank\">\n  <label>Startadresse (mit Ort)<\/label>\n  <input class=\"inputbox\" type=\"text\" name=\"saddr\" value=\"\">\n  <label>Zieladresse<\/label>\n  <select name=\"daddr\">\n    <option value=\"Sternenweg 1, Oensingen\">Fego AG Oensingen<\/option>\n    <option value=\"Sternenweg 1, Oensingen\">Digimaster GmbH  Oensingen<\/option>\n  <\/select>\n  <button type=\"submit\">Karte aufrufen<\/button>\n<\/form>\n","protected":false},"excerpt":{"rendered":"<p>Bruno W. Oess CEO, Verwaltungsratspr\u00e4sident info@fego.ch Michael Oess Gesch\u00e4ftsf\u00fchrer m.oess@fego.ch Fego AGSternenweg 14702 Oensingen Tel: 062 212 28 82 Preis- und Modell\u00e4nderungen bleiben immer vorbehalten Postcheck-Konto: 46-3211-8Bank Cler IBAN: CH21 0844 0874 9672 9000 6 Geben Sie Ihren Standort ein um eine Wegbeschreibung zu erhalten ! Startadresse (mit Ort) Zieladresse Fego AG OensingenDigimaster GmbH Oensingen &hellip; <a href=\"https:\/\/www.fego.ch\/?page_id=33\" class=\"more-link\"><span class=\"screen-reader-text\">Wer sind wir<\/span> weiterlesen <span class=\"meta-nav\">&rarr;<\/span><\/a><\/p>\n","protected":false},"author":1,"featured_media":0,"parent":0,"menu_order":0,"comment_status":"closed","ping_status":"closed","template":"","meta":{"footnotes":"","_links_to":"","_links_to_target":""},"class_list":["post-33","page","type-page","status-publish","hentry"],"_links":{"self":[{"href":"https:\/\/www.fego.ch\/index.php?rest_route=\/wp\/v2\/pages\/33","targetHints":{"allow":["GET"]}}],"collection":[{"href":"https:\/\/www.fego.ch\/index.php?rest_route=\/wp\/v2\/pages"}],"about":[{"href":"https:\/\/www.fego.ch\/index.php?rest_route=\/wp\/v2\/types\/page"}],"author":[{"embeddable":true,"href":"https:\/\/www.fego.ch\/index.php?rest_route=\/wp\/v2\/users\/1"}],"replies":[{"embeddable":true,"href":"https:\/\/www.fego.ch\/index.php?rest_route=%2Fwp%2Fv2%2Fcomments&post=33"}],"version-history":[{"count":10,"href":"https:\/\/www.fego.ch\/index.php?rest_route=\/wp\/v2\/pages\/33\/revisions"}],"predecessor-version":[{"id":998,"href":"https:\/\/www.fego.ch\/index.php?rest_route=\/wp\/v2\/pages\/33\/revisions\/998"}],"wp:attachment":[{"href":"https:\/\/www.fego.ch\/index.php?rest_route=%2Fwp%2Fv2%2Fmedia&parent=33"}],"curies":[{"name":"wp","href":"https:\/\/api.w.org\/{rel}","templated":true}]}}