{"id":336,"date":"2019-05-22T17:07:08","date_gmt":"2019-05-22T15:07:08","guid":{"rendered":"http:\/\/web.fego.jsa.ch\/?page_id=336"},"modified":"2026-04-18T09:09:02","modified_gmt":"2026-04-18T07:09:02","slug":"foto-exkursion-zoo","status":"publish","type":"page","link":"https:\/\/www.fego.ch\/?page_id=336","title":{"rendered":"Foto-Exkursion- Zoo"},"content":{"rendered":"\n<div class=\"wp-block-columns has-2-columns is-layout-flex wp-container-core-columns-is-layout-9d6595d7 wp-block-columns-is-layout-flex\">\n<div class=\"wp-block-column is-layout-flow wp-block-column-is-layout-flow\">\n<p> In&nbsp;dieser Foto-Exkursion,&nbsp;besuchen wir<br>zusammen einen Zoo. Ein erfahrener Kursleiter wird Sie begleiten und gibt Ihnen Tipps und Tricks zum Fotografieren.  Sie \u00fcben Praktisch an Ihrer eigenen Kamera und nicht wie bei vielen fotokursen \u00fcblich,  am Schreibtisch.<\/p>\n<\/div>\n\n\n\n<div class=\"wp-block-column is-layout-flow wp-block-column-is-layout-flow\">\n<figure class=\"wp-block-image\"><img loading=\"lazy\" decoding=\"async\" width=\"472\" height=\"353\" src=\"https:\/\/www.fego.ch\/wp-content\/uploads\/2019\/05\/Tonis_zoo.jpg\" alt=\"\" class=\"wp-image-321\" srcset=\"https:\/\/www.fego.ch\/wp-content\/uploads\/2019\/05\/Tonis_zoo.jpg 472w, https:\/\/www.fego.ch\/wp-content\/uploads\/2019\/05\/Tonis_zoo-300x224.jpg 300w\" sizes=\"auto, (max-width: 472px) 100vw, 472px\" \/><\/figure>\n\n\n\n<p><\/p>\n<\/div>\n<\/div>\n\n\n\n<h2 class=\"wp-block-heading\" id=\"kursinhalt\">Kursinhalt:<\/h2>\n\n\n\n<p>Nach der Begr\u00fcssung und Einf\u00fchrung &nbsp;in unserem  Schulungsraum, fahren wir Sie zum Zoo.  Dort werden wir gemeinsam Bilder machen. Ein erfahrener  Fotograf begleitet Sie dabei und gibt Hilfestellung und Tips. Im Anschluss nehmen wir ein gemeinsames Mittagessen (im Preis inkl) ein. Danach geht  es zur\u00fcck in unseren Schulungsraum. Dort sehen wir uns<br>gemeinsam&nbsp;Ihre  Werke an. Nach der Bildbesprechung erhalten Sie von uns kostenlos ein  Poster (30 x&nbsp;40 cm von Ihrem sch\u00f6nsten Foto ) oder ein paar kleinere Bilder nach Ihrer wahl, welches Sie gleich  mitnehmen d\u00fcrfen.&nbsp;<\/p>\n\n\n\n<figure class=\"wp-block-gallery has-nested-images columns-4 is-cropped wp-block-gallery-1 is-layout-flex wp-block-gallery-is-layout-flex\">\n<figure class=\"wp-block-image size-large\"><img loading=\"lazy\" decoding=\"async\" width=\"682\" height=\"1024\" data-id=\"344\" src=\"https:\/\/www.fego.ch\/wp-content\/uploads\/2019\/05\/doris-Bartagame-682x1024.jpg\" alt=\"\" class=\"wp-image-344\" srcset=\"https:\/\/www.fego.ch\/wp-content\/uploads\/2019\/05\/doris-Bartagame-682x1024.jpg 682w, https:\/\/www.fego.ch\/wp-content\/uploads\/2019\/05\/doris-Bartagame-200x300.jpg 200w, https:\/\/www.fego.ch\/wp-content\/uploads\/2019\/05\/doris-Bartagame-768x1154.jpg 768w, https:\/\/www.fego.ch\/wp-content\/uploads\/2019\/05\/doris-Bartagame.jpg 786w\" sizes=\"auto, (max-width: 682px) 100vw, 682px\" \/><\/figure>\n\n\n\n<figure class=\"wp-block-image size-large\"><img loading=\"lazy\" decoding=\"async\" width=\"655\" height=\"1024\" data-id=\"345\" src=\"https:\/\/www.fego.ch\/wp-content\/uploads\/2019\/05\/sarina-freddchen-655x1024.jpg\" alt=\"\" class=\"wp-image-345\" srcset=\"https:\/\/www.fego.ch\/wp-content\/uploads\/2019\/05\/sarina-freddchen-655x1024.jpg 655w, https:\/\/www.fego.ch\/wp-content\/uploads\/2019\/05\/sarina-freddchen-192x300.jpg 192w, https:\/\/www.fego.ch\/wp-content\/uploads\/2019\/05\/sarina-freddchen.jpg 755w\" sizes=\"auto, (max-width: 655px) 100vw, 655px\" \/><\/figure>\n\n\n\n<figure class=\"wp-block-image size-large\"><img loading=\"lazy\" decoding=\"async\" width=\"768\" height=\"1024\" data-id=\"346\" src=\"https:\/\/www.fego.ch\/wp-content\/uploads\/2019\/05\/sarina-schlange-768x1024.jpg\" alt=\"\" class=\"wp-image-346\" srcset=\"https:\/\/www.fego.ch\/wp-content\/uploads\/2019\/05\/sarina-schlange-768x1024.jpg 768w, https:\/\/www.fego.ch\/wp-content\/uploads\/2019\/05\/sarina-schlange-225x300.jpg 225w, https:\/\/www.fego.ch\/wp-content\/uploads\/2019\/05\/sarina-schlange.jpg 886w\" sizes=\"auto, (max-width: 768px) 100vw, 768px\" \/><\/figure>\n\n\n\n<figure class=\"wp-block-image size-large\"><img loading=\"lazy\" decoding=\"async\" width=\"681\" height=\"1024\" data-id=\"347\" src=\"https:\/\/www.fego.ch\/wp-content\/uploads\/2019\/05\/tanja-bartagame-681x1024.jpg\" alt=\"\" class=\"wp-image-347\" srcset=\"https:\/\/www.fego.ch\/wp-content\/uploads\/2019\/05\/tanja-bartagame-681x1024.jpg 681w, https:\/\/www.fego.ch\/wp-content\/uploads\/2019\/05\/tanja-bartagame-200x300.jpg 200w, https:\/\/www.fego.ch\/wp-content\/uploads\/2019\/05\/tanja-bartagame-768x1154.jpg 768w, https:\/\/www.fego.ch\/wp-content\/uploads\/2019\/05\/tanja-bartagame.jpg 1181w\" sizes=\"auto, (max-width: 681px) 100vw, 681px\" \/><\/figure>\n<\/figure>\n\n\n\n<p class=\"has-large-font-size\">Wichtig:<\/p>\n\n\n\n<p>Fotos zusammen mit den Tieren sind leider nur noch unter der Woche w\u00e4hrend der F\u00fchrung m\u00f6glich. Der Zoo bietet diesen Dienst am Samstag leider nicht mehr an.<\/p>\n\n\n\n<figure class=\"wp-block-gallery has-nested-images columns-1 is-cropped wp-block-gallery-2 is-layout-flex wp-block-gallery-is-layout-flex\">\n<figure class=\"wp-block-image size-large\"><img loading=\"lazy\" decoding=\"async\" width=\"591\" height=\"391\" data-id=\"349\" src=\"https:\/\/www.fego.ch\/wp-content\/uploads\/2019\/05\/DSCF5438.jpg\" alt=\"\" class=\"wp-image-349\" srcset=\"https:\/\/www.fego.ch\/wp-content\/uploads\/2019\/05\/DSCF5438.jpg 591w, https:\/\/www.fego.ch\/wp-content\/uploads\/2019\/05\/DSCF5438-300x198.jpg 300w\" sizes=\"auto, (max-width: 591px) 100vw, 591px\" \/><\/figure>\n\n\n\n<figure class=\"wp-block-image size-large\"><img loading=\"lazy\" decoding=\"async\" width=\"591\" height=\"391\" data-id=\"350\" src=\"https:\/\/www.fego.ch\/wp-content\/uploads\/2019\/05\/DSCF5473.jpg\" alt=\"\" class=\"wp-image-350\" srcset=\"https:\/\/www.fego.ch\/wp-content\/uploads\/2019\/05\/DSCF5473.jpg 591w, https:\/\/www.fego.ch\/wp-content\/uploads\/2019\/05\/DSCF5473-300x198.jpg 300w\" sizes=\"auto, (max-width: 591px) 100vw, 591px\" \/><\/figure>\n<\/figure>\n\n\n\n<iframe loading=\"lazy\" src=\"https:\/\/www.youtube.com\/embed\/XetF73ulj0w\" allow=\"accelerometer; autoplay; encrypted-media; gyroscope; picture-in-picture\" allowfullscreen=\"\" width=\"560\" height=\"315\" frameborder=\"0\"><\/iframe>\n\n\n\n<h3 class=\"wp-block-heading\" id=\"bitte-beachten-sie\">Bitte beachten Sie:<\/h3>\n\n\n\n<ul class=\"wp-block-list\">\n<li>Versicherung ist Sache der Teilnehmer <\/li>\n\n\n\n<li>Ziehen Sie, dem Wetter entsprechende, Kleider an<\/li>\n\n\n\n<li>Sie ben\u00f6tigen eine digitale Spiegelreflex, oder System-Kamera<br><br><\/li>\n<\/ul>\n\n\n\n<h2 class=\"wp-block-heading\" id=\"kurse-am-wochenende\">Kurse am Wochenende:<br><br><\/h2>\n\n\n\n<figure class=\"wp-block-table is-style-stripes\"><table><tbody><tr><td>Kurs Nr.<\/td><td>OMTZ-060626<\/td><\/tr><tr><td>Datum:<\/td><td>Samstag 06. Juni 2026<\/td><\/tr><tr><td>Verschiebedatum bei<br>schlechtem Wetter: <\/td><td>Samstag 13. Juni 2026<\/td><\/tr><tr><td>Dauer:<\/td><td>ca. 8 Stunden (Inkl. Pausen) <\/td><\/tr><tr><td>Zeit:<\/td><td>9:00 bis ca 17:00 <\/td><\/tr><tr><td> Teilnehmer:   <\/td><td>Durchf\u00fchrung ab 2, Maximum 6 Personen <\/td><\/tr><tr><td> Kosten:   <\/td><td>Fr. 200.-<\/td><\/tr><tr><td> Kursleitung:   <\/td><td>Michael Oess<\/td><\/tr><tr><td> Kontakt:   <\/td><td>062 212 28 82<\/td><\/tr><\/tbody><\/table><\/figure>\n\n\n\n<h2 class=\"wp-block-heading\" id=\"kurse-unter-der-woche\"><br>Kurse unter der Woche:<br><br><\/h2>\n\n\n\n<p>Unter der Woche ist im Fotokurs eine F\u00fchrung durch den Zoo dabei. Zus\u00e4tzlich d\u00fcrfen Sie sich mit einem Tier fotografieren lassen.<\/p>\n\n\n\n<p><\/p>\n\n\n\n<figure class=\"wp-block-table is-style-stripes\"><table><tbody><tr><td>Kurs Nr.<\/td><td>OMTZUW-150626<\/td><\/tr><tr><td>Datum:<\/td><td>Mittwoch 15. Juli 2026<\/td><\/tr><tr><td>Verschiebedatum bei<br>schlechtem Wetter: <\/td><td>Mittwoch 22. Juli 2026<\/td><\/tr><tr><td>Dauer:<\/td><td>ca. 8.5 Stunden (Inkl. Pausen) <\/td><\/tr><tr><td>Zeit:<\/td><td>9:00 bis ca 17:30 <\/td><\/tr><tr><td> Teilnehmer:   <\/td><td>Durchf\u00fchrung ab 2, Maximum 6 Personen <\/td><\/tr><tr><td> Kosten:   <\/td><td>Fr. 240.-<\/td><\/tr><tr><td> Kursleitung:   <\/td><td>Michael Oess<\/td><\/tr><tr><td> Kontakt:   <\/td><td>062 212 28 82<\/td><\/tr><\/tbody><\/table><\/figure>\n\n\n\n<h2 class=\"wp-block-heading\" id=\"zum-kurs-anmelden\">Zum Kurs anmelden:<\/h2>\n\n\n\n<p><strong>Wir geben Ihre Daten nicht weiter !!<\/strong><br><\/p>\n\n\n\n<div class=\"wpcf7 no-js\" id=\"wpcf7-f372-o1\" lang=\"de-CH\" dir=\"ltr\" data-wpcf7-id=\"372\">\n<div class=\"screen-reader-response\"><p role=\"status\" aria-live=\"polite\" aria-atomic=\"true\"><\/p> <ul><\/ul><\/div>\n<form action=\"\/index.php?rest_route=%2Fwp%2Fv2%2Fpages%2F336#wpcf7-f372-o1\" method=\"post\" class=\"wpcf7-form init\" aria-label=\"Contact form\" novalidate=\"novalidate\" data-status=\"init\">\n<fieldset class=\"hidden-fields-container\"><input type=\"hidden\" name=\"_wpcf7\" value=\"372\" \/><input type=\"hidden\" name=\"_wpcf7_version\" value=\"6.1.5\" \/><input type=\"hidden\" name=\"_wpcf7_locale\" value=\"de_CH\" \/><input type=\"hidden\" name=\"_wpcf7_unit_tag\" value=\"wpcf7-f372-o1\" \/><input type=\"hidden\" name=\"_wpcf7_container_post\" value=\"0\" \/><input type=\"hidden\" name=\"_wpcf7_posted_data_hash\" value=\"\" \/><input type=\"hidden\" name=\"_wpcf7_recaptcha_response\" value=\"\" \/>\n<\/fieldset>\n<p>Kurs (erforderlich)<br \/>\n<span class=\"wpcf7-form-control-wrap\" data-name=\"welcherkurs\"><select class=\"wpcf7-form-control wpcf7-select wpcf7-validates-as-required\" aria-required=\"true\" aria-invalid=\"false\" name=\"welcherkurs\"><option value=\"\">&#8211; Bitte ausw\u00e4hlen &#8211;<\/option><option value=\"23. Mai 2026 Nahaufnahmen\">23. Mai 2026 Nahaufnahmen<\/option><option value=\"06. Juni 2026 Exkursion Zoo\">06. Juni 2026 Exkursion Zoo<\/option><option value=\"20. Juni 2026 Exkursion Teufelsschlucht\">20. Juni 2026 Exkursion Teufelsschlucht<\/option><option value=\"11. Juli 2026 Einstieg Systemkameras\">11. Juli 2026 Einstieg Systemkameras<\/option><option value=\"15. Juli 2026 Exkursion Zoo\">15. Juli 2026 Exkursion Zoo<\/option><option value=\"18. Juli 2026 Exkursion Papiliorama\">18. Juli 2026 Exkursion Papiliorama<\/option><option value=\"07. November 2026 Fotografieren und Bearbeiten\">07. November 2026 Fotografieren und Bearbeiten<\/option><option value=\"Wunschthema (wir melden uns bei Ihnen)\">Wunschthema (wir melden uns bei Ihnen)<\/option><option value=\"Nach Absprache (f\u00fcr alle Kurse m\u00f6glich)\">Nach Absprache (f\u00fcr alle Kurse m\u00f6glich)<\/option><\/select><\/span>\n<\/p>\n<p><label> Ihr Name (erforderlich)<br \/>\n<span class=\"wpcf7-form-control-wrap\" data-name=\"your-name\"><input size=\"40\" maxlength=\"400\" class=\"wpcf7-form-control wpcf7-text wpcf7-validates-as-required\" aria-required=\"true\" aria-invalid=\"false\" value=\"\" type=\"text\" name=\"your-name\" \/><\/span> <\/label>\n<\/p>\n<p><label> Vorname (erforderlich)<br \/>\n<span class=\"wpcf7-form-control-wrap\" data-name=\"Vorname\"><input size=\"40\" maxlength=\"400\" class=\"wpcf7-form-control wpcf7-text wpcf7-validates-as-required\" aria-required=\"true\" aria-invalid=\"false\" value=\"\" type=\"text\" name=\"Vorname\" \/><\/span> <\/label>\n<\/p>\n<p><label> Strasse und Nummer (erforderlich)<br \/>\n<span class=\"wpcf7-form-control-wrap\" data-name=\"Strasse\"><input size=\"40\" maxlength=\"400\" class=\"wpcf7-form-control wpcf7-text wpcf7-validates-as-required\" aria-required=\"true\" aria-invalid=\"false\" value=\"\" type=\"text\" name=\"Strasse\" \/><\/span> <\/label>\n<\/p>\n<p><label> PLZ und Ort (erforderlich)<br \/>\n<span class=\"wpcf7-form-control-wrap\" data-name=\"PLZundOrt\"><input size=\"40\" maxlength=\"400\" class=\"wpcf7-form-control wpcf7-text wpcf7-validates-as-required\" aria-required=\"true\" aria-invalid=\"false\" value=\"\" type=\"text\" name=\"PLZundOrt\" \/><\/span> <\/label>\n<\/p>\n<p><label> Geburtsdatum (erforderlich)<br \/>\n<span class=\"wpcf7-form-control-wrap\" data-name=\"Geburtsdatum\"><input size=\"40\" maxlength=\"400\" class=\"wpcf7-form-control wpcf7-text wpcf7-validates-as-required\" aria-required=\"true\" aria-invalid=\"false\" value=\"\" type=\"text\" name=\"Geburtsdatum\" \/><\/span> <\/label>\n<\/p>\n<p><label> Ihre E-Mail (erforderlich)<br \/>\n<span class=\"wpcf7-form-control-wrap\" data-name=\"your-email\"><input size=\"40\" maxlength=\"400\" class=\"wpcf7-form-control wpcf7-email wpcf7-validates-as-required wpcf7-text wpcf7-validates-as-email\" aria-required=\"true\" aria-invalid=\"false\" value=\"\" type=\"email\" name=\"your-email\" \/><\/span> <\/label>\n<\/p>\n<p><label> Telefon<br \/>\n<span class=\"wpcf7-form-control-wrap\" data-name=\"telefon\"><input size=\"40\" maxlength=\"400\" class=\"wpcf7-form-control wpcf7-text\" aria-invalid=\"false\" value=\"\" type=\"text\" name=\"telefon\" \/><\/span> <\/label>\n<\/p>\n<p><label> Welche Kamera bringen Sie mit (erforderlich)<br \/>\n<span class=\"wpcf7-form-control-wrap\" data-name=\"Welchekamera\"><input size=\"40\" maxlength=\"400\" class=\"wpcf7-form-control wpcf7-text wpcf7-validates-as-required\" aria-required=\"true\" aria-invalid=\"false\" value=\"\" type=\"text\" name=\"Welchekamera\" \/><\/span> <\/label>\n<\/p>\n<p><label> Ihr Wunsch an uns<br \/>\n<span class=\"wpcf7-form-control-wrap\" data-name=\"your-message\"><textarea cols=\"40\" rows=\"10\" maxlength=\"2000\" class=\"wpcf7-form-control wpcf7-textarea\" aria-invalid=\"false\" name=\"your-message\"><\/textarea><\/span> <\/label>\n<\/p>\n<p><input class=\"wpcf7-form-control wpcf7-submit has-spinner\" type=\"submit\" value=\"Senden\" \/>\n<\/p><div class=\"wpcf7-response-output\" aria-hidden=\"true\"><\/div>\n<\/form>\n<\/div>\n\n","protected":false},"excerpt":{"rendered":"<p>In&nbsp;dieser Foto-Exkursion,&nbsp;besuchen wirzusammen einen Zoo. Ein erfahrener Kursleiter wird Sie begleiten und gibt Ihnen Tipps und Tricks zum Fotografieren. Sie \u00fcben Praktisch an Ihrer eigenen Kamera und nicht wie bei vielen fotokursen \u00fcblich, am Schreibtisch. Kursinhalt: Nach der Begr\u00fcssung und Einf\u00fchrung &nbsp;in unserem Schulungsraum, fahren wir Sie zum Zoo. Dort werden wir gemeinsam Bilder machen. &hellip; <a href=\"https:\/\/www.fego.ch\/?page_id=336\" class=\"more-link\"><span class=\"screen-reader-text\">Foto-Exkursion- Zoo<\/span> weiterlesen <span class=\"meta-nav\">&rarr;<\/span><\/a><\/p>\n","protected":false},"author":1,"featured_media":0,"parent":0,"menu_order":0,"comment_status":"closed","ping_status":"closed","template":"","meta":{"footnotes":"","_links_to":"","_links_to_target":""},"class_list":["post-336","page","type-page","status-publish","hentry"],"_links":{"self":[{"href":"https:\/\/www.fego.ch\/index.php?rest_route=\/wp\/v2\/pages\/336","targetHints":{"allow":["GET"]}}],"collection":[{"href":"https:\/\/www.fego.ch\/index.php?rest_route=\/wp\/v2\/pages"}],"about":[{"href":"https:\/\/www.fego.ch\/index.php?rest_route=\/wp\/v2\/types\/page"}],"author":[{"embeddable":true,"href":"https:\/\/www.fego.ch\/index.php?rest_route=\/wp\/v2\/users\/1"}],"replies":[{"embeddable":true,"href":"https:\/\/www.fego.ch\/index.php?rest_route=%2Fwp%2Fv2%2Fcomments&post=336"}],"version-history":[{"count":97,"href":"https:\/\/www.fego.ch\/index.php?rest_route=\/wp\/v2\/pages\/336\/revisions"}],"predecessor-version":[{"id":2274,"href":"https:\/\/www.fego.ch\/index.php?rest_route=\/wp\/v2\/pages\/336\/revisions\/2274"}],"wp:attachment":[{"href":"https:\/\/www.fego.ch\/index.php?rest_route=%2Fwp%2Fv2%2Fmedia&parent=336"}],"curies":[{"name":"wp","href":"https:\/\/api.w.org\/{rel}","templated":true}]}}