{"id":38,"date":"2019-05-19T20:43:38","date_gmt":"2019-05-19T18:43:38","guid":{"rendered":"http:\/\/web.fego.jsa.ch\/?page_id=38"},"modified":"2022-02-01T13:18:57","modified_gmt":"2022-02-01T12:18:57","slug":"38-2","status":"publish","type":"page","link":"https:\/\/www.fego.ch\/?page_id=38","title":{"rendered":"Print-service \/ Aufziehen"},"content":{"rendered":"\n<h2 class=\"wp-block-heading\" id=\"schriften-service\">Schriften-Service<\/h2>\n\n\n\n<div class=\"wp-block-image\"><figure class=\"alignleft\"><img loading=\"lazy\" decoding=\"async\" width=\"250\" height=\"181\" src=\"https:\/\/www.fego.ch\/wp-content\/uploads\/2019\/05\/Kombination-Plotter-klein-1.jpg\" alt=\"\" class=\"wp-image-40\"\/><\/figure><\/div>\n\n\n\n<p>Mit dem Roland Schneide-Plotter fertigen wir  Schaufenster-Beschriftungen, Autobeschriftungen und Schriftschilder,  sowie eigens erstellte Logos&nbsp;aller Art f\u00fcr Sie an. <\/p>\n\n\n\n<p>Wir schneiden Schriften bis 60cm Schrifth\u00f6he und in  beliebiger L\u00e4nge und Farbe. Sie werden auf Applizierfolie an Sie  geliefert und durch Sie selbst&nbsp;verklebt. <\/p>\n\n\n\n<h1 class=\"wp-block-heading\" id=\"posterdruck\">Posterdruck<\/h1>\n\n\n\n<div class=\"wp-block-image\"><figure class=\"alignleft\"><img loading=\"lazy\" decoding=\"async\" width=\"250\" height=\"167\" src=\"https:\/\/www.fego.ch\/wp-content\/uploads\/2019\/05\/csm_Drucker_freigestell.jpg\" alt=\"\" class=\"wp-image-41\"\/><\/figure><\/div>\n\n\n\n<p>Mit unserem EPSON Sylus Pro 7900 stellen wir im \nSpeziellen selbstklebende, wasserfeste Drucke selbstgestalteter Plakate \nund Werbebanner &nbsp;bis 60cm mal x-Meter her.&nbsp;<strong>Ein Blickfang f\u00fcr jedes gepflegte Schaufenster <\/strong><\/p>\n\n\n\n<h2 class=\"wp-block-heading\" id=\"aufzieh-laminier-service\"> <br>Aufzieh + Laminier Service <\/h2>\n\n\n\n<p> Wir verf\u00fcgen \u00fcber mehrere perfekt geeignete Tr\u00e4ger wie zum<br> Beispiel:<\/p>\n\n\n\n<p> <strong>Aluminium<\/strong><br>Die absolut robuste Platte. Wird&nbsp;\u00fcberall&nbsp;dort eingesetzt wo Stabilit\u00e4t wichtig ist. <br><br><strong>Forex<\/strong><br>Perfekt geeignet f\u00fcr eine edle Ausstellung.<br><br><strong>Leichtschaum<\/strong><br>Eine Leichtschaumplatte&nbsp;5mm&nbsp;in der Gr\u00f6sse 70X100cm  wiegt nur gerade 700 Gramm und eignet sich daher sogar zum Befestigen  mit Posterstrips<br><br><strong>Polystyrol<\/strong><br>Eignet sich hervorragen um Ihre Kunstwerke in einem Rahmen ohne die kleinste Wellenbildung oder Blasen zu pr\u00e4sentieren <\/p>\n\n\n\n<h3 class=\"wp-block-heading\" id=\"auf-wunsch-laminieren-wir-ihr-kunstwerk-und-schutzen-es-so-vor-kratzer-und-feuchtigkeit\">Auf Wunsch Laminieren wir Ihr Kunstwerk und sch\u00fctzen es so vor Kratzer und Feuchtigkeit<\/h3>\n\n\n\n<p><br><\/p>\n\n\n\n<div data-wp-interactive=\"core\/file\" class=\"wp-block-file\"><object data-wp-bind--hidden=\"!state.hasPdfPreview\" hidden class=\"wp-block-file__embed\" data=\"https:\/\/www.fego.ch\/wp-content\/uploads\/2022\/02\/Preisliste-Download.pdf\" type=\"application\/pdf\" style=\"width:100%;height:600px\" aria-label=\"Einbettung von Einbettung von Preisliste-Download..\"><\/object><a id=\"wp-block-file--media-12e46b9b-1efb-4ed1-85b2-0b99a58cc787\" href=\"https:\/\/www.fego.ch\/wp-content\/uploads\/2022\/02\/Preisliste-Download.pdf\">Preisliste-Download<\/a><\/div>\n","protected":false},"excerpt":{"rendered":"<p>Schriften-Service Mit dem Roland Schneide-Plotter fertigen wir Schaufenster-Beschriftungen, Autobeschriftungen und Schriftschilder, sowie eigens erstellte Logos&nbsp;aller Art f\u00fcr Sie an. Wir schneiden Schriften bis 60cm Schrifth\u00f6he und in beliebiger L\u00e4nge und Farbe. Sie werden auf Applizierfolie an Sie geliefert und durch Sie selbst&nbsp;verklebt. Posterdruck Mit unserem EPSON Sylus Pro 7900 stellen wir im Speziellen selbstklebende, wasserfeste &hellip; <a href=\"https:\/\/www.fego.ch\/?page_id=38\" class=\"more-link\"><span class=\"screen-reader-text\">Print-service \/ Aufziehen<\/span> weiterlesen <span class=\"meta-nav\">&rarr;<\/span><\/a><\/p>\n","protected":false},"author":1,"featured_media":0,"parent":0,"menu_order":0,"comment_status":"closed","ping_status":"closed","template":"","meta":{"footnotes":"","_links_to":"","_links_to_target":""},"class_list":["post-38","page","type-page","status-publish","hentry"],"_links":{"self":[{"href":"https:\/\/www.fego.ch\/index.php?rest_route=\/wp\/v2\/pages\/38","targetHints":{"allow":["GET"]}}],"collection":[{"href":"https:\/\/www.fego.ch\/index.php?rest_route=\/wp\/v2\/pages"}],"about":[{"href":"https:\/\/www.fego.ch\/index.php?rest_route=\/wp\/v2\/types\/page"}],"author":[{"embeddable":true,"href":"https:\/\/www.fego.ch\/index.php?rest_route=\/wp\/v2\/users\/1"}],"replies":[{"embeddable":true,"href":"https:\/\/www.fego.ch\/index.php?rest_route=%2Fwp%2Fv2%2Fcomments&post=38"}],"version-history":[{"count":26,"href":"https:\/\/www.fego.ch\/index.php?rest_route=\/wp\/v2\/pages\/38\/revisions"}],"predecessor-version":[{"id":1531,"href":"https:\/\/www.fego.ch\/index.php?rest_route=\/wp\/v2\/pages\/38\/revisions\/1531"}],"wp:attachment":[{"href":"https:\/\/www.fego.ch\/index.php?rest_route=%2Fwp%2Fv2%2Fmedia&parent=38"}],"curies":[{"name":"wp","href":"https:\/\/api.w.org\/{rel}","templated":true}]}}