{"id":440,"date":"2019-05-24T18:10:27","date_gmt":"2019-05-24T16:10:27","guid":{"rendered":"http:\/\/web.fego.jsa.ch\/?page_id=440"},"modified":"2019-05-24T18:10:27","modified_gmt":"2019-05-24T16:10:27","slug":"haustier-shooting","status":"publish","type":"page","link":"https:\/\/www.fego.ch\/?page_id=440","title":{"rendered":"Haustier Shooting"},"content":{"rendered":"\n<p>Die Bindung vom Menschen an seine Haustiere ist \nimmer etwas&nbsp;ganz besonderes. Was liegt also n\u00e4her als Ihren Liebling \nprofessionell fotografieren zu lassen.\n<\/p>\n\n\n\n<p>Wir fotografieren Ihr Haustier bei Ihnen zuhause  oder drausen in der wundersch\u00f6nen Natur. Sie sagen uns was Sie gerne  m\u00f6chten. Wir k\u00f6nnen Ihnen (fast) jeden Wunsch erf\u00fcllen.  Haustiershootings gibt es bei uns bereits ab ca. 90 Fr.  Melden Sie sich  einfach bei uns und wir finden gemeinsam einen Termin. Keine Angst,  sollte Ihr Haustier an einem gebuchten Tag nicht in Fotostimmung sein,  kommen wir an einem anderen Tag nochmals vorbei. Es entstehen Ihnen in  der Regel dadurch keine weiteren Kosten. <br><\/p>\n\n\n\n<ul class=\"wp-block-gallery columns-2 is-cropped wp-block-gallery-1 is-layout-flex wp-block-gallery-is-layout-flex\"><li class=\"blocks-gallery-item\"><figure><img loading=\"lazy\" decoding=\"async\" width=\"591\" height=\"391\" src=\"https:\/\/www.fego.ch\/wp-content\/uploads\/2019\/05\/Samanta-1-1.jpg\" alt=\"\" data-id=\"442\" data-link=\"https:\/\/www.fego.ch\/?attachment_id=442\" class=\"wp-image-442\" srcset=\"https:\/\/www.fego.ch\/wp-content\/uploads\/2019\/05\/Samanta-1-1.jpg 591w, https:\/\/www.fego.ch\/wp-content\/uploads\/2019\/05\/Samanta-1-1-300x198.jpg 300w\" sizes=\"auto, (max-width: 591px) 100vw, 591px\" \/><\/figure><\/li><li class=\"blocks-gallery-item\"><figure><img loading=\"lazy\" decoding=\"async\" width=\"591\" height=\"391\" src=\"https:\/\/www.fego.ch\/wp-content\/uploads\/2019\/05\/Samanta-3-1.jpg\" alt=\"\" data-id=\"443\" data-link=\"https:\/\/www.fego.ch\/?attachment_id=443\" class=\"wp-image-443\" srcset=\"https:\/\/www.fego.ch\/wp-content\/uploads\/2019\/05\/Samanta-3-1.jpg 591w, https:\/\/www.fego.ch\/wp-content\/uploads\/2019\/05\/Samanta-3-1-300x198.jpg 300w\" sizes=\"auto, (max-width: 591px) 100vw, 591px\" \/><\/figure><\/li><li class=\"blocks-gallery-item\"><figure><img loading=\"lazy\" decoding=\"async\" width=\"591\" height=\"391\" src=\"https:\/\/www.fego.ch\/wp-content\/uploads\/2019\/05\/Samanta-2.jpg\" alt=\"\" data-id=\"447\" data-link=\"https:\/\/www.fego.ch\/?attachment_id=447\" class=\"wp-image-447\" srcset=\"https:\/\/www.fego.ch\/wp-content\/uploads\/2019\/05\/Samanta-2.jpg 591w, https:\/\/www.fego.ch\/wp-content\/uploads\/2019\/05\/Samanta-2-300x198.jpg 300w\" sizes=\"auto, (max-width: 591px) 100vw, 591px\" \/><\/figure><\/li><li class=\"blocks-gallery-item\"><figure><img loading=\"lazy\" decoding=\"async\" width=\"591\" height=\"391\" src=\"https:\/\/www.fego.ch\/wp-content\/uploads\/2019\/05\/Smoky-1.jpg\" alt=\"\" data-id=\"444\" data-link=\"https:\/\/www.fego.ch\/?attachment_id=444\" class=\"wp-image-444\" srcset=\"https:\/\/www.fego.ch\/wp-content\/uploads\/2019\/05\/Smoky-1.jpg 591w, https:\/\/www.fego.ch\/wp-content\/uploads\/2019\/05\/Smoky-1-300x198.jpg 300w\" sizes=\"auto, (max-width: 591px) 100vw, 591px\" \/><\/figure><\/li><li class=\"blocks-gallery-item\"><figure><img loading=\"lazy\" decoding=\"async\" width=\"591\" height=\"391\" src=\"https:\/\/www.fego.ch\/wp-content\/uploads\/2019\/05\/Smoky-2.jpg\" alt=\"\" data-id=\"445\" data-link=\"https:\/\/www.fego.ch\/?attachment_id=445\" class=\"wp-image-445\" srcset=\"https:\/\/www.fego.ch\/wp-content\/uploads\/2019\/05\/Smoky-2.jpg 591w, https:\/\/www.fego.ch\/wp-content\/uploads\/2019\/05\/Smoky-2-300x198.jpg 300w\" sizes=\"auto, (max-width: 591px) 100vw, 591px\" \/><\/figure><\/li><li class=\"blocks-gallery-item\"><figure><img loading=\"lazy\" decoding=\"async\" width=\"591\" height=\"391\" src=\"https:\/\/www.fego.ch\/wp-content\/uploads\/2019\/05\/Smoky-3.jpg\" alt=\"\" data-id=\"446\" data-link=\"https:\/\/www.fego.ch\/?attachment_id=446\" class=\"wp-image-446\" srcset=\"https:\/\/www.fego.ch\/wp-content\/uploads\/2019\/05\/Smoky-3.jpg 591w, https:\/\/www.fego.ch\/wp-content\/uploads\/2019\/05\/Smoky-3-300x198.jpg 300w\" sizes=\"auto, (max-width: 591px) 100vw, 591px\" \/><\/figure><\/li><\/ul>\n\n\n\n<h2 class=\"wp-block-heading\">Unverbindliche Anfrage:<\/h2>\n\n\n\n<p> Schreiben Sie uns ein Email an: <br><a href=\"mailto:m.oess@fego.ch\">m.oess@fego.ch<\/a><\/p>\n","protected":false},"excerpt":{"rendered":"<p>Die Bindung vom Menschen an seine Haustiere ist immer etwas&nbsp;ganz besonderes. Was liegt also n\u00e4her als Ihren Liebling professionell fotografieren zu lassen. Wir fotografieren Ihr Haustier bei Ihnen zuhause oder drausen in der wundersch\u00f6nen Natur. Sie sagen uns was Sie gerne m\u00f6chten. Wir k\u00f6nnen Ihnen (fast) jeden Wunsch erf\u00fcllen. Haustiershootings gibt es bei uns bereits &hellip; <a href=\"https:\/\/www.fego.ch\/?page_id=440\" class=\"more-link\"><span class=\"screen-reader-text\">Haustier Shooting<\/span> weiterlesen <span class=\"meta-nav\">&rarr;<\/span><\/a><\/p>\n","protected":false},"author":1,"featured_media":0,"parent":0,"menu_order":0,"comment_status":"closed","ping_status":"closed","template":"","meta":{"footnotes":"","_links_to":"","_links_to_target":""},"class_list":["post-440","page","type-page","status-publish","hentry"],"_links":{"self":[{"href":"https:\/\/www.fego.ch\/index.php?rest_route=\/wp\/v2\/pages\/440","targetHints":{"allow":["GET"]}}],"collection":[{"href":"https:\/\/www.fego.ch\/index.php?rest_route=\/wp\/v2\/pages"}],"about":[{"href":"https:\/\/www.fego.ch\/index.php?rest_route=\/wp\/v2\/types\/page"}],"author":[{"embeddable":true,"href":"https:\/\/www.fego.ch\/index.php?rest_route=\/wp\/v2\/users\/1"}],"replies":[{"embeddable":true,"href":"https:\/\/www.fego.ch\/index.php?rest_route=%2Fwp%2Fv2%2Fcomments&post=440"}],"version-history":[{"count":5,"href":"https:\/\/www.fego.ch\/index.php?rest_route=\/wp\/v2\/pages\/440\/revisions"}],"predecessor-version":[{"id":456,"href":"https:\/\/www.fego.ch\/index.php?rest_route=\/wp\/v2\/pages\/440\/revisions\/456"}],"wp:attachment":[{"href":"https:\/\/www.fego.ch\/index.php?rest_route=%2Fwp%2Fv2%2Fmedia&parent=440"}],"curies":[{"name":"wp","href":"https:\/\/api.w.org\/{rel}","templated":true}]}}