{"id":495,"date":"2019-05-24T16:54:24","date_gmt":"2019-05-24T14:54:24","guid":{"rendered":"http:\/\/web.fego.jsa.ch\/?page_id=495"},"modified":"2019-05-24T17:08:33","modified_gmt":"2019-05-24T15:08:33","slug":"bearbeiten-tipps-und-tricks","status":"publish","type":"page","link":"https:\/\/www.fego.ch\/?page_id=495","title":{"rendered":"Bearbeiten Tipps und Tricks"},"content":{"rendered":"\n<div class=\"wp-block-columns has-2-columns is-layout-flex wp-container-core-columns-is-layout-9d6595d7 wp-block-columns-is-layout-flex\">\n<div class=\"wp-block-column is-layout-flow wp-block-column-is-layout-flow\">\n<h2 class=\"wp-block-heading\">Weiterf\u00fchrender Kurs <\/h2>\n\n\n\n<p> Liebe Fotofreunde  <br>Der Fotoshop ist  ein  vielseitiges Werkzeug der Digitalen Fotografie.  Doch wie geht man  richtig damit um? <\/p>\n<\/div>\n\n\n\n<div class=\"wp-block-column is-layout-flow wp-block-column-is-layout-flow\">\n<figure class=\"wp-block-image\"><img loading=\"lazy\" decoding=\"async\" width=\"425\" height=\"255\" src=\"https:\/\/www.fego.ch\/wp-content\/uploads\/2019\/05\/PS_Kurs.jpg\" alt=\"\" class=\"wp-image-319\" srcset=\"https:\/\/www.fego.ch\/wp-content\/uploads\/2019\/05\/PS_Kurs.jpg 425w, https:\/\/www.fego.ch\/wp-content\/uploads\/2019\/05\/PS_Kurs-300x180.jpg 300w\" sizes=\"auto, (max-width: 425px) 100vw, 425px\" \/><\/figure>\n<\/div>\n<\/div>\n\n\n\n<p> Was kann ich am PC bearbeiten? Wie viel ist n\u00f6tig? Wie  viel ist zu viel? In diesem Kurs wird Ihnen gezeigt, wie man Bilder in  wenigen Schritten verfeinert, Titel einsetzt und st\u00f6rende Objekte  entfernt. Die Schulung dauert ca. 90 Minuten. In dieser Zeit kann jeder  Teilnehmer gleich 1:1 an einem f\u00fcr Ihn bereitgestellten Arbeitsplatz  lernen. Sie k\u00f6nnen Schritt f\u00fcr Schritt Instruktionen, welche von  Kursleiter gezeigt werden, nach machen und gegebenenfalls auch jederzeit  Fragen stellen. Wir arbeiten auf dem Adobe Photoshop Elements.   Melden Sie sich noch heute an. Wir helfen Ihnen Ihre Ideen zu digitalisieren. <\/p>\n\n\n\n<p> <\/p>\n\n\n\n<h1 class=\"wp-block-heading\">Kursinhalte<\/h1>\n\n\n\n<p>In diesem Kurs gehen wir auf folgende Punkte ein:<\/p>\n\n\n\n<ul class=\"wp-block-list\"><li>zu wenig, zu viel. Wo liegen die Grenzen<\/li><li>Fehler im Bild. Was man bereits in der Fotografie beachten sollte<\/li><li>einf\u00fcgen von Titel und Beschriftungen<\/li><li>schneiden, einf\u00fcgen. Bild in Bild<\/li><li>was sonst noch wissenswert ist<\/li><\/ul>\n\n\n\n<table class=\"wp-block-table is-style-stripes\"><tbody><tr><td>Kurs Nr.<\/td><td> OMPS (im Anmeldefeld <strong>nach Absprache w\u00e4hlen<\/strong>)<\/td><\/tr><tr><td>Datum:<\/td><td> Nach Absprache <\/td><\/tr><tr><td>Dauer:<\/td><td> Nach Absprache <\/td><\/tr><tr><td>Zeit:<\/td><td> Nach Absprache <\/td><\/tr><tr><td> Teilnehmer:   <\/td><td>Durchf\u00fchrung ab 1, Maximum 6 Personen <\/td><\/tr><tr><td> Kosten:   <\/td><td>Fr. 90 pro Stunde<\/td><\/tr><tr><td> Kursleitung:   <\/td><td>Michael Oess <\/td><\/tr><tr><td> Kontakt:   <\/td><td>062 212 28 82<\/td><\/tr><\/tbody><\/table>\n\n\n\n<h2 class=\"wp-block-heading\">Zum Kurs anmelden:<\/h2>\n\n\n\n<p><strong>Wir geben Ihre Daten nicht weiter !!<\/strong><\/p>\n\n\n\n<div class=\"wpcf7 no-js\" id=\"wpcf7-f372-o1\" lang=\"de-CH\" dir=\"ltr\" data-wpcf7-id=\"372\">\n<div class=\"screen-reader-response\"><p role=\"status\" aria-live=\"polite\" aria-atomic=\"true\"><\/p> <ul><\/ul><\/div>\n<form action=\"\/index.php?rest_route=%2Fwp%2Fv2%2Fpages%2F495#wpcf7-f372-o1\" method=\"post\" class=\"wpcf7-form init\" aria-label=\"Contact form\" novalidate=\"novalidate\" data-status=\"init\">\n<fieldset class=\"hidden-fields-container\"><input type=\"hidden\" name=\"_wpcf7\" value=\"372\" \/><input type=\"hidden\" name=\"_wpcf7_version\" value=\"6.1.5\" \/><input type=\"hidden\" name=\"_wpcf7_locale\" value=\"de_CH\" \/><input type=\"hidden\" name=\"_wpcf7_unit_tag\" value=\"wpcf7-f372-o1\" \/><input type=\"hidden\" name=\"_wpcf7_container_post\" value=\"0\" \/><input type=\"hidden\" name=\"_wpcf7_posted_data_hash\" value=\"\" \/><input type=\"hidden\" name=\"_wpcf7_recaptcha_response\" value=\"\" \/>\n<\/fieldset>\n<p>Kurs (erforderlich)<br \/>\n<span class=\"wpcf7-form-control-wrap\" data-name=\"welcherkurs\"><select class=\"wpcf7-form-control wpcf7-select wpcf7-validates-as-required\" aria-required=\"true\" aria-invalid=\"false\" name=\"welcherkurs\"><option value=\"\">&#8211; Bitte ausw\u00e4hlen &#8211;<\/option><option value=\"23. Mai 2026 Nahaufnahmen\">23. Mai 2026 Nahaufnahmen<\/option><option value=\"06. Juni 2026 Exkursion Zoo\">06. Juni 2026 Exkursion Zoo<\/option><option value=\"20. Juni 2026 Exkursion Teufelsschlucht\">20. Juni 2026 Exkursion Teufelsschlucht<\/option><option value=\"11. Juli 2026 Einstieg Systemkameras\">11. Juli 2026 Einstieg Systemkameras<\/option><option value=\"15. Juli 2026 Exkursion Zoo\">15. Juli 2026 Exkursion Zoo<\/option><option value=\"18. Juli 2026 Exkursion Papiliorama\">18. Juli 2026 Exkursion Papiliorama<\/option><option value=\"07. November 2026 Fotografieren und Bearbeiten\">07. November 2026 Fotografieren und Bearbeiten<\/option><option value=\"Wunschthema (wir melden uns bei Ihnen)\">Wunschthema (wir melden uns bei Ihnen)<\/option><option value=\"Nach Absprache (f\u00fcr alle Kurse m\u00f6glich)\">Nach Absprache (f\u00fcr alle Kurse m\u00f6glich)<\/option><\/select><\/span>\n<\/p>\n<p><label> Ihr Name (erforderlich)<br \/>\n<span class=\"wpcf7-form-control-wrap\" data-name=\"your-name\"><input size=\"40\" maxlength=\"400\" class=\"wpcf7-form-control wpcf7-text wpcf7-validates-as-required\" aria-required=\"true\" aria-invalid=\"false\" value=\"\" type=\"text\" name=\"your-name\" \/><\/span> <\/label>\n<\/p>\n<p><label> Vorname (erforderlich)<br \/>\n<span class=\"wpcf7-form-control-wrap\" data-name=\"Vorname\"><input size=\"40\" maxlength=\"400\" class=\"wpcf7-form-control wpcf7-text wpcf7-validates-as-required\" aria-required=\"true\" aria-invalid=\"false\" value=\"\" type=\"text\" name=\"Vorname\" \/><\/span> <\/label>\n<\/p>\n<p><label> Strasse und Nummer (erforderlich)<br \/>\n<span class=\"wpcf7-form-control-wrap\" data-name=\"Strasse\"><input size=\"40\" maxlength=\"400\" class=\"wpcf7-form-control wpcf7-text wpcf7-validates-as-required\" aria-required=\"true\" aria-invalid=\"false\" value=\"\" type=\"text\" name=\"Strasse\" \/><\/span> <\/label>\n<\/p>\n<p><label> PLZ und Ort (erforderlich)<br \/>\n<span class=\"wpcf7-form-control-wrap\" data-name=\"PLZundOrt\"><input size=\"40\" maxlength=\"400\" class=\"wpcf7-form-control wpcf7-text wpcf7-validates-as-required\" aria-required=\"true\" aria-invalid=\"false\" value=\"\" type=\"text\" name=\"PLZundOrt\" \/><\/span> <\/label>\n<\/p>\n<p><label> Geburtsdatum (erforderlich)<br \/>\n<span class=\"wpcf7-form-control-wrap\" data-name=\"Geburtsdatum\"><input size=\"40\" maxlength=\"400\" class=\"wpcf7-form-control wpcf7-text wpcf7-validates-as-required\" aria-required=\"true\" aria-invalid=\"false\" value=\"\" type=\"text\" name=\"Geburtsdatum\" \/><\/span> <\/label>\n<\/p>\n<p><label> Ihre E-Mail (erforderlich)<br \/>\n<span class=\"wpcf7-form-control-wrap\" data-name=\"your-email\"><input size=\"40\" maxlength=\"400\" class=\"wpcf7-form-control wpcf7-email wpcf7-validates-as-required wpcf7-text wpcf7-validates-as-email\" aria-required=\"true\" aria-invalid=\"false\" value=\"\" type=\"email\" name=\"your-email\" \/><\/span> <\/label>\n<\/p>\n<p><label> Telefon<br \/>\n<span class=\"wpcf7-form-control-wrap\" data-name=\"telefon\"><input size=\"40\" maxlength=\"400\" class=\"wpcf7-form-control wpcf7-text\" aria-invalid=\"false\" value=\"\" type=\"text\" name=\"telefon\" \/><\/span> <\/label>\n<\/p>\n<p><label> Welche Kamera bringen Sie mit (erforderlich)<br \/>\n<span class=\"wpcf7-form-control-wrap\" data-name=\"Welchekamera\"><input size=\"40\" maxlength=\"400\" class=\"wpcf7-form-control wpcf7-text wpcf7-validates-as-required\" aria-required=\"true\" aria-invalid=\"false\" value=\"\" type=\"text\" name=\"Welchekamera\" \/><\/span> <\/label>\n<\/p>\n<p><label> Ihr Wunsch an uns<br \/>\n<span class=\"wpcf7-form-control-wrap\" data-name=\"your-message\"><textarea cols=\"40\" rows=\"10\" maxlength=\"2000\" class=\"wpcf7-form-control wpcf7-textarea\" aria-invalid=\"false\" name=\"your-message\"><\/textarea><\/span> <\/label>\n<\/p>\n<p><input class=\"wpcf7-form-control wpcf7-submit has-spinner\" type=\"submit\" value=\"Senden\" \/>\n<\/p><div class=\"wpcf7-response-output\" aria-hidden=\"true\"><\/div>\n<\/form>\n<\/div>\n\n","protected":false},"excerpt":{"rendered":"<p>Weiterf\u00fchrender Kurs Liebe Fotofreunde Der Fotoshop ist ein vielseitiges Werkzeug der Digitalen Fotografie. Doch wie geht man richtig damit um? Was kann ich am PC bearbeiten? Wie viel ist n\u00f6tig? Wie viel ist zu viel? In diesem Kurs wird Ihnen gezeigt, wie man Bilder in wenigen Schritten verfeinert, Titel einsetzt und st\u00f6rende Objekte entfernt. Die &hellip; <a href=\"https:\/\/www.fego.ch\/?page_id=495\" class=\"more-link\"><span class=\"screen-reader-text\">Bearbeiten Tipps und Tricks<\/span> weiterlesen <span class=\"meta-nav\">&rarr;<\/span><\/a><\/p>\n","protected":false},"author":1,"featured_media":0,"parent":0,"menu_order":0,"comment_status":"closed","ping_status":"closed","template":"","meta":{"footnotes":"","_links_to":"","_links_to_target":""},"class_list":["post-495","page","type-page","status-publish","hentry"],"_links":{"self":[{"href":"https:\/\/www.fego.ch\/index.php?rest_route=\/wp\/v2\/pages\/495","targetHints":{"allow":["GET"]}}],"collection":[{"href":"https:\/\/www.fego.ch\/index.php?rest_route=\/wp\/v2\/pages"}],"about":[{"href":"https:\/\/www.fego.ch\/index.php?rest_route=\/wp\/v2\/types\/page"}],"author":[{"embeddable":true,"href":"https:\/\/www.fego.ch\/index.php?rest_route=\/wp\/v2\/users\/1"}],"replies":[{"embeddable":true,"href":"https:\/\/www.fego.ch\/index.php?rest_route=%2Fwp%2Fv2%2Fcomments&post=495"}],"version-history":[{"count":11,"href":"https:\/\/www.fego.ch\/index.php?rest_route=\/wp\/v2\/pages\/495\/revisions"}],"predecessor-version":[{"id":509,"href":"https:\/\/www.fego.ch\/index.php?rest_route=\/wp\/v2\/pages\/495\/revisions\/509"}],"wp:attachment":[{"href":"https:\/\/www.fego.ch\/index.php?rest_route=%2Fwp%2Fv2%2Fmedia&parent=495"}],"curies":[{"name":"wp","href":"https:\/\/api.w.org\/{rel}","templated":true}]}}