{"id":535,"date":"2019-05-25T10:59:30","date_gmt":"2019-05-25T08:59:30","guid":{"rendered":"http:\/\/web.fego.jsa.ch\/?page_id=535"},"modified":"2026-04-22T09:45:58","modified_gmt":"2026-04-22T07:45:58","slug":"einstieg-systemkameras","status":"publish","type":"page","link":"https:\/\/www.fego.ch\/?page_id=535","title":{"rendered":"Einstieg Systemkameras"},"content":{"rendered":"\n<div class=\"wp-block-columns has-2-columns is-layout-flex wp-container-core-columns-is-layout-9d6595d7 wp-block-columns-is-layout-flex\">\n<div class=\"wp-block-column is-layout-flow wp-block-column-is-layout-flow\">\n<p>Liebe Fotofreunde.<br>Haben Sie sich eine Spiegelreflex oder Systemkamera angeschafft?.<br>Wir&nbsp;erkl\u00e4ren&nbsp;Ihnen&nbsp;in  diesem Kurs, die wichtigsten&nbsp;&nbsp;Grundkenntnisse f\u00fcr die Fotografie.<\/p>\n<\/div>\n\n\n\n<div class=\"wp-block-column is-layout-flow wp-block-column-is-layout-flow\">\n<figure class=\"wp-block-image size-full\"><img loading=\"lazy\" decoding=\"async\" width=\"591\" height=\"439\" src=\"https:\/\/www.fego.ch\/wp-content\/uploads\/2019\/05\/fuji_x-t2_18-55mm.jpg\" alt=\"\" class=\"wp-image-580\" srcset=\"https:\/\/www.fego.ch\/wp-content\/uploads\/2019\/05\/fuji_x-t2_18-55mm.jpg 591w, https:\/\/www.fego.ch\/wp-content\/uploads\/2019\/05\/fuji_x-t2_18-55mm-300x223.jpg 300w\" sizes=\"auto, (max-width: 591px) 100vw, 591px\" \/><\/figure>\n<\/div>\n<\/div>\n\n\n\n<p> Der  Kurs ist praxisorientiert. Sie arbeiten von Anfang an mit Ihrer  eigenen  Kamera. Ein erfahrener Kursleiter f\u00fchrt mit Ihnen praktische  Aufgaben  durch und erkl\u00e4rt Ihnen die wichtigsten&nbsp;Funktionen Ihres  Ger\u00e4tes  <\/p>\n\n\n\n<h2 class=\"wp-block-heading\" id=\"kursinhalt\">Kursinhalt:<\/h2>\n\n\n\n<p> Dieser Grundkurs dauert ca. 2 Stunden&nbsp;und wird praxisorientiert  vermittelt. Wir versuchen mit so wenig Theorie wie m\u00f6glich auszukommen.  Vorzeigen, Nachmachen, Besprechen, Verbessern ist die Devise. Wir  schulen in kleinen Gruppen. So kann sich der Kursleiter besser um die  einzelnen Teilnehmer&nbsp;k\u00fcmmern.  <\/p>\n\n\n\n<h2 class=\"wp-block-heading\" id=\"wichtig\">\nWichtig:<\/h2>\n\n\n\n<p>Eigene Digitale-Spiegelreflex oder System-Kamera&nbsp;mitbringen&nbsp;<strong>(keine Kompakt-Kameras)<\/strong>&nbsp; <\/p>\n\n\n\n<h3 class=\"wp-block-heading\" id=\"kursablauf\"> Kursablauf: <\/h3>\n\n\n\n<ul class=\"wp-block-list\">\n<li> Begr\u00fcssung und gegenseitiges Vorstellen<\/li>\n\n\n\n<li>Fotografieren, Praxis<\/li>\n\n\n\n<li>Tipps und Tricks  <br><br><\/li>\n<\/ul>\n\n\n\n<h2 class=\"wp-block-heading\" id=\"themen\"> Themen: <\/h2>\n\n\n\n<ul class=\"wp-block-list\">\n<li>  Verschlusszeit, Blende, ISO<\/li>\n\n\n\n<li>Messfeld Einstellungen (Multi, Mittelbetont, Spot)<\/li>\n\n\n\n<li>Das richtige Aufnahmeprogramm w\u00e4hlen<\/li>\n\n\n\n<li>Richtig Messen und Ausl\u00f6sen<\/li>\n\n\n\n<li>Fotografieren von mehreren Personen<\/li>\n\n\n\n<li>Verschiedene Perspektiven <br><br><\/li>\n<\/ul>\n\n\n\n<figure class=\"wp-block-table is-style-stripes\"><table><tbody><tr><td>Kurs Nr.<\/td><td>MOGK-110726<\/td><\/tr><tr><td>Datum:<\/td><td>Samstag 11. Juli 2026<\/td><\/tr><tr><td>Dauer:<\/td><td>ca. 2.0 Stunden<\/td><\/tr><tr><td>Zeit:<\/td><td>14:00 bis ca 16:00 <\/td><\/tr><tr><td> Teilnehmer:   <\/td><td>Durchf\u00fchrung ab 1, Maximum 6 Personen <\/td><\/tr><tr><td> Kosten:   <\/td><td>Fr. 120.-\/Person<\/td><\/tr><tr><td> Kursleitung:   <\/td><td>Michael Oess<\/td><\/tr><tr><td> Kontakt:   <\/td><td>062 212 28 82<\/td><\/tr><\/tbody><\/table><\/figure>\n\n\n\n<h2 class=\"wp-block-heading\" id=\"zum-kurs-anmelden\">Zum Kurs anmelden:<\/h2>\n\n\n\n<p><strong>Wir geben Ihre Daten nicht weiter !!<\/strong><\/p>\n\n\n\n<div class=\"wpcf7 no-js\" id=\"wpcf7-f372-o1\" lang=\"de-CH\" dir=\"ltr\" data-wpcf7-id=\"372\">\n<div class=\"screen-reader-response\"><p role=\"status\" aria-live=\"polite\" aria-atomic=\"true\"><\/p> <ul><\/ul><\/div>\n<form action=\"\/index.php?rest_route=%2Fwp%2Fv2%2Fpages%2F535#wpcf7-f372-o1\" method=\"post\" class=\"wpcf7-form init\" aria-label=\"Contact form\" novalidate=\"novalidate\" data-status=\"init\">\n<fieldset class=\"hidden-fields-container\"><input type=\"hidden\" name=\"_wpcf7\" value=\"372\" \/><input type=\"hidden\" name=\"_wpcf7_version\" value=\"6.1.5\" \/><input type=\"hidden\" name=\"_wpcf7_locale\" value=\"de_CH\" \/><input type=\"hidden\" name=\"_wpcf7_unit_tag\" value=\"wpcf7-f372-o1\" \/><input type=\"hidden\" name=\"_wpcf7_container_post\" value=\"0\" \/><input type=\"hidden\" name=\"_wpcf7_posted_data_hash\" value=\"\" \/><input type=\"hidden\" name=\"_wpcf7_recaptcha_response\" value=\"\" \/>\n<\/fieldset>\n<p>Kurs (erforderlich)<br \/>\n<span class=\"wpcf7-form-control-wrap\" data-name=\"welcherkurs\"><select class=\"wpcf7-form-control wpcf7-select wpcf7-validates-as-required\" aria-required=\"true\" aria-invalid=\"false\" name=\"welcherkurs\"><option value=\"\">&#8211; Bitte ausw\u00e4hlen &#8211;<\/option><option value=\"23. Mai 2026 Nahaufnahmen\">23. Mai 2026 Nahaufnahmen<\/option><option value=\"06. Juni 2026 Exkursion Zoo\">06. Juni 2026 Exkursion Zoo<\/option><option value=\"20. Juni 2026 Exkursion Teufelsschlucht\">20. Juni 2026 Exkursion Teufelsschlucht<\/option><option value=\"11. Juli 2026 Einstieg Systemkameras\">11. Juli 2026 Einstieg Systemkameras<\/option><option value=\"15. Juli 2026 Exkursion Zoo\">15. Juli 2026 Exkursion Zoo<\/option><option value=\"18. Juli 2026 Exkursion Papiliorama\">18. Juli 2026 Exkursion Papiliorama<\/option><option value=\"07. November 2026 Fotografieren und Bearbeiten\">07. November 2026 Fotografieren und Bearbeiten<\/option><option value=\"Wunschthema (wir melden uns bei Ihnen)\">Wunschthema (wir melden uns bei Ihnen)<\/option><option value=\"Nach Absprache (f\u00fcr alle Kurse m\u00f6glich)\">Nach Absprache (f\u00fcr alle Kurse m\u00f6glich)<\/option><\/select><\/span>\n<\/p>\n<p><label> Ihr Name (erforderlich)<br \/>\n<span class=\"wpcf7-form-control-wrap\" data-name=\"your-name\"><input size=\"40\" maxlength=\"400\" class=\"wpcf7-form-control wpcf7-text wpcf7-validates-as-required\" aria-required=\"true\" aria-invalid=\"false\" value=\"\" type=\"text\" name=\"your-name\" \/><\/span> <\/label>\n<\/p>\n<p><label> Vorname (erforderlich)<br \/>\n<span class=\"wpcf7-form-control-wrap\" data-name=\"Vorname\"><input size=\"40\" maxlength=\"400\" class=\"wpcf7-form-control wpcf7-text wpcf7-validates-as-required\" aria-required=\"true\" aria-invalid=\"false\" value=\"\" type=\"text\" name=\"Vorname\" \/><\/span> <\/label>\n<\/p>\n<p><label> Strasse und Nummer (erforderlich)<br \/>\n<span class=\"wpcf7-form-control-wrap\" data-name=\"Strasse\"><input size=\"40\" maxlength=\"400\" class=\"wpcf7-form-control wpcf7-text wpcf7-validates-as-required\" aria-required=\"true\" aria-invalid=\"false\" value=\"\" type=\"text\" name=\"Strasse\" \/><\/span> <\/label>\n<\/p>\n<p><label> PLZ und Ort (erforderlich)<br \/>\n<span class=\"wpcf7-form-control-wrap\" data-name=\"PLZundOrt\"><input size=\"40\" maxlength=\"400\" class=\"wpcf7-form-control wpcf7-text wpcf7-validates-as-required\" aria-required=\"true\" aria-invalid=\"false\" value=\"\" type=\"text\" name=\"PLZundOrt\" \/><\/span> <\/label>\n<\/p>\n<p><label> Geburtsdatum (erforderlich)<br \/>\n<span class=\"wpcf7-form-control-wrap\" data-name=\"Geburtsdatum\"><input size=\"40\" maxlength=\"400\" class=\"wpcf7-form-control wpcf7-text wpcf7-validates-as-required\" aria-required=\"true\" aria-invalid=\"false\" value=\"\" type=\"text\" name=\"Geburtsdatum\" \/><\/span> <\/label>\n<\/p>\n<p><label> Ihre E-Mail (erforderlich)<br \/>\n<span class=\"wpcf7-form-control-wrap\" data-name=\"your-email\"><input size=\"40\" maxlength=\"400\" class=\"wpcf7-form-control wpcf7-email wpcf7-validates-as-required wpcf7-text wpcf7-validates-as-email\" aria-required=\"true\" aria-invalid=\"false\" value=\"\" type=\"email\" name=\"your-email\" \/><\/span> <\/label>\n<\/p>\n<p><label> Telefon<br \/>\n<span class=\"wpcf7-form-control-wrap\" data-name=\"telefon\"><input size=\"40\" maxlength=\"400\" class=\"wpcf7-form-control wpcf7-text\" aria-invalid=\"false\" value=\"\" type=\"text\" name=\"telefon\" \/><\/span> <\/label>\n<\/p>\n<p><label> Welche Kamera bringen Sie mit (erforderlich)<br \/>\n<span class=\"wpcf7-form-control-wrap\" data-name=\"Welchekamera\"><input size=\"40\" maxlength=\"400\" class=\"wpcf7-form-control wpcf7-text wpcf7-validates-as-required\" aria-required=\"true\" aria-invalid=\"false\" value=\"\" type=\"text\" name=\"Welchekamera\" \/><\/span> <\/label>\n<\/p>\n<p><label> Ihr Wunsch an uns<br \/>\n<span class=\"wpcf7-form-control-wrap\" data-name=\"your-message\"><textarea cols=\"40\" rows=\"10\" maxlength=\"2000\" class=\"wpcf7-form-control wpcf7-textarea\" aria-invalid=\"false\" name=\"your-message\"><\/textarea><\/span> <\/label>\n<\/p>\n<p><input class=\"wpcf7-form-control wpcf7-submit has-spinner\" type=\"submit\" value=\"Senden\" \/>\n<\/p><div class=\"wpcf7-response-output\" aria-hidden=\"true\"><\/div>\n<\/form>\n<\/div>\n\n","protected":false},"excerpt":{"rendered":"<p>Liebe Fotofreunde.Haben Sie sich eine Spiegelreflex oder Systemkamera angeschafft?.Wir&nbsp;erkl\u00e4ren&nbsp;Ihnen&nbsp;in diesem Kurs, die wichtigsten&nbsp;&nbsp;Grundkenntnisse f\u00fcr die Fotografie. Der Kurs ist praxisorientiert. Sie arbeiten von Anfang an mit Ihrer eigenen Kamera. Ein erfahrener Kursleiter f\u00fchrt mit Ihnen praktische Aufgaben durch und erkl\u00e4rt Ihnen die wichtigsten&nbsp;Funktionen Ihres Ger\u00e4tes Kursinhalt: Dieser Grundkurs dauert ca. 2 Stunden&nbsp;und wird praxisorientiert vermittelt. &hellip; <a href=\"https:\/\/www.fego.ch\/?page_id=535\" class=\"more-link\"><span class=\"screen-reader-text\">Einstieg Systemkameras<\/span> weiterlesen <span class=\"meta-nav\">&rarr;<\/span><\/a><\/p>\n","protected":false},"author":1,"featured_media":0,"parent":0,"menu_order":0,"comment_status":"closed","ping_status":"closed","template":"","meta":{"footnotes":"","_links_to":"","_links_to_target":""},"class_list":["post-535","page","type-page","status-publish","hentry"],"_links":{"self":[{"href":"https:\/\/www.fego.ch\/index.php?rest_route=\/wp\/v2\/pages\/535","targetHints":{"allow":["GET"]}}],"collection":[{"href":"https:\/\/www.fego.ch\/index.php?rest_route=\/wp\/v2\/pages"}],"about":[{"href":"https:\/\/www.fego.ch\/index.php?rest_route=\/wp\/v2\/types\/page"}],"author":[{"embeddable":true,"href":"https:\/\/www.fego.ch\/index.php?rest_route=\/wp\/v2\/users\/1"}],"replies":[{"embeddable":true,"href":"https:\/\/www.fego.ch\/index.php?rest_route=%2Fwp%2Fv2%2Fcomments&post=535"}],"version-history":[{"count":55,"href":"https:\/\/www.fego.ch\/index.php?rest_route=\/wp\/v2\/pages\/535\/revisions"}],"predecessor-version":[{"id":2278,"href":"https:\/\/www.fego.ch\/index.php?rest_route=\/wp\/v2\/pages\/535\/revisions\/2278"}],"wp:attachment":[{"href":"https:\/\/www.fego.ch\/index.php?rest_route=%2Fwp%2Fv2%2Fmedia&parent=535"}],"curies":[{"name":"wp","href":"https:\/\/api.w.org\/{rel}","templated":true}]}}