{"id":558,"date":"2019-05-25T11:54:10","date_gmt":"2019-05-25T09:54:10","guid":{"rendered":"http:\/\/web.fego.jsa.ch\/?page_id=558"},"modified":"2019-05-25T11:54:10","modified_gmt":"2019-05-25T09:54:10","slug":"exkursion-bally-park","status":"publish","type":"page","link":"https:\/\/www.fego.ch\/?page_id=558","title":{"rendered":"Exkursion-Bally-Park"},"content":{"rendered":"\n<div class=\"wp-block-columns has-2-columns is-layout-flex wp-container-core-columns-is-layout-9d6595d7 wp-block-columns-is-layout-flex\">\n<div class=\"wp-block-column is-layout-flow wp-block-column-is-layout-flow\">\n<p>   Bei dieser Foto-Exkursion<br>m\u00f6chten wir Ihnen einige n\u00fctzliche  Funktionen Ihrer Kamera\u00a0erkl\u00e4ren. Hierf\u00fcr\u00a0beobachten und Fotografieren  wir das Leben und die Natur im Bally-Park. <\/p>\n<\/div>\n\n\n\n<div class=\"wp-block-column is-layout-flow wp-block-column-is-layout-flow\">\n<figure class=\"wp-block-image\"><img loading=\"lazy\" decoding=\"async\" width=\"591\" height=\"392\" src=\"https:\/\/www.fego.ch\/wp-content\/uploads\/2019\/05\/Balipark.jpg\" alt=\"\" class=\"wp-image-546\" srcset=\"https:\/\/www.fego.ch\/wp-content\/uploads\/2019\/05\/Balipark.jpg 591w, https:\/\/www.fego.ch\/wp-content\/uploads\/2019\/05\/Balipark-300x199.jpg 300w\" sizes=\"auto, (max-width: 591px) 100vw, 591px\" \/><\/figure>\n<\/div>\n<\/div>\n\n\n\n<p>\nEin erfahrener Fotograf zeigt  Ihnen, warum in gewissen Situationen \nmanuelle Aufnahmeprogramme und  Messfeldeinstellung&nbsp;besser \nsind,&nbsp;erkl\u00e4rt&nbsp;diese und Hilft Ihnen das ganze  besser zu verstehen   \n\n<\/p>\n\n\n\n<h2 class=\"wp-block-heading\">Kursinhalt:<\/h2>\n\n\n\n<p>Nach der Begr\u00fcssung und Einf\u00fchrung \u00a0in unserem Schulungsraum, fahren wir Sie mit unserem Bus zum Bally-Park, <strong>wo wir\u00a0gemeinsam die gestellten Aufgaben l\u00f6sen.<\/strong>\u00a0Ein  erfahrener Kursleiter\u00a0gibt Ihnen dabei\u00a0Tipps, wie\u00a0Sie mehr aus  Ihrer\u00a0Kamera herausholen k\u00f6nnen. Im Anschluss\u00a0transportieren wir\u00a0Sie in  ein Restaurant zum gemeinsamen Mittagessen (im Preis inbegriffen).  Danach geht es\u00a0zur\u00fcck in unseren Schulungsraum. Dort sehen wir uns  zusammen\u00a0Ihre Werke an. Nach der Bildbesprechung erhalten Sie von uns  kostenlos ein Poster (30 x\u00a040 cm)\u00a0von Ihrem sch\u00f6nsten Foto.\u00a0 <\/p>\n\n\n\n<h3 class=\"wp-block-heading\"> Unsere Hauptthemen sind: <\/h3>\n\n\n\n<ul class=\"wp-block-list\"><li> Serienbild Funktion<\/li><li>Messfeld (Spot und Mittelbetont)<\/li><li>Manuelle Blenden Korrekturen<\/li><li>Manuelle Verschlusszeiten <\/li><\/ul>\n\n\n\n<p><strong>Wir&nbsp;helfen Ihnen beim Einstellen Ihrer Kamera<\/strong><\/p>\n\n\n\n<h1 class=\"wp-block-heading\">Bitte beachten Sie:<\/h1>\n\n\n\n<ul class=\"wp-block-list\"><li>Versicherung ist Sache der Teilnehmer <\/li><li>Ziehen Sie gute, dem Wetter entsprechende Kleider an<\/li><li>Sie ben\u00f6tigen eine digitale Spiegelreflex, oder System-Kamera<\/li><li>Natur und Tier Aufnahmen brauchen sehr viel Geduld.<\/li><\/ul>\n\n\n\n<table class=\"wp-block-table is-style-stripes\"><tbody><tr><td>Kurs Nr.<\/td><td> OMBP-<\/td><\/tr><tr><td>Datum:<\/td><td>Nach Absprache<\/td><\/tr><tr><td>Verschiebedatum bei<br>schlechtem Wetter: <\/td><td>Nach Absprache <\/td><\/tr><tr><td>Dauer:<\/td><td>ca. 6. Stunden (Inkl. Pausen) <\/td><\/tr><tr><td>Zeit:<\/td><td>9:00 bis ca 15:00<\/td><\/tr><tr><td> Teilnehmer:   <\/td><td>Durchf\u00fchrung ab 1, Maximum 6 Personen <\/td><\/tr><tr><td> Kosten:   <\/td><td>Fr. 210.-<\/td><\/tr><tr><td> Kursleitung:   <\/td><td>Michael Oess \/ Reinhard Beck<\/td><\/tr><tr><td> Kontakt:   <\/td><td>062 212 28 82<\/td><\/tr><\/tbody><\/table>\n\n\n\n<h2 class=\"wp-block-heading\">Zum Kurs anmelden:<\/h2>\n\n\n\n<p><strong>Wir geben Ihre Daten nicht weiter !!<\/strong><br><\/p>\n\n\n\n<div class=\"wpcf7 no-js\" id=\"wpcf7-f372-o1\" lang=\"de-CH\" dir=\"ltr\" data-wpcf7-id=\"372\">\n<div class=\"screen-reader-response\"><p role=\"status\" aria-live=\"polite\" aria-atomic=\"true\"><\/p> <ul><\/ul><\/div>\n<form action=\"\/index.php?rest_route=%2Fwp%2Fv2%2Fpages%2F558#wpcf7-f372-o1\" method=\"post\" class=\"wpcf7-form init\" aria-label=\"Contact form\" novalidate=\"novalidate\" data-status=\"init\">\n<fieldset class=\"hidden-fields-container\"><input type=\"hidden\" name=\"_wpcf7\" value=\"372\" \/><input type=\"hidden\" name=\"_wpcf7_version\" value=\"6.1.5\" \/><input type=\"hidden\" name=\"_wpcf7_locale\" value=\"de_CH\" \/><input type=\"hidden\" name=\"_wpcf7_unit_tag\" value=\"wpcf7-f372-o1\" \/><input type=\"hidden\" name=\"_wpcf7_container_post\" value=\"0\" \/><input type=\"hidden\" name=\"_wpcf7_posted_data_hash\" value=\"\" \/><input type=\"hidden\" name=\"_wpcf7_recaptcha_response\" value=\"\" \/>\n<\/fieldset>\n<p>Kurs (erforderlich)<br \/>\n<span class=\"wpcf7-form-control-wrap\" data-name=\"welcherkurs\"><select class=\"wpcf7-form-control wpcf7-select wpcf7-validates-as-required\" aria-required=\"true\" aria-invalid=\"false\" name=\"welcherkurs\"><option value=\"\">&#8211; Bitte ausw\u00e4hlen &#8211;<\/option><option value=\"23. Mai 2026 Nahaufnahmen\">23. Mai 2026 Nahaufnahmen<\/option><option value=\"06. Juni 2026 Exkursion Zoo\">06. Juni 2026 Exkursion Zoo<\/option><option value=\"20. Juni 2026 Exkursion Teufelsschlucht\">20. Juni 2026 Exkursion Teufelsschlucht<\/option><option value=\"11. Juli 2026 Einstieg Systemkameras\">11. Juli 2026 Einstieg Systemkameras<\/option><option value=\"15. Juli 2026 Exkursion Zoo\">15. Juli 2026 Exkursion Zoo<\/option><option value=\"18. Juli 2026 Exkursion Papiliorama\">18. Juli 2026 Exkursion Papiliorama<\/option><option value=\"07. November 2026 Fotografieren und Bearbeiten\">07. November 2026 Fotografieren und Bearbeiten<\/option><option value=\"Wunschthema (wir melden uns bei Ihnen)\">Wunschthema (wir melden uns bei Ihnen)<\/option><option value=\"Nach Absprache (f\u00fcr alle Kurse m\u00f6glich)\">Nach Absprache (f\u00fcr alle Kurse m\u00f6glich)<\/option><\/select><\/span>\n<\/p>\n<p><label> Ihr Name (erforderlich)<br \/>\n<span class=\"wpcf7-form-control-wrap\" data-name=\"your-name\"><input size=\"40\" maxlength=\"400\" class=\"wpcf7-form-control wpcf7-text wpcf7-validates-as-required\" aria-required=\"true\" aria-invalid=\"false\" value=\"\" type=\"text\" name=\"your-name\" \/><\/span> <\/label>\n<\/p>\n<p><label> Vorname (erforderlich)<br \/>\n<span class=\"wpcf7-form-control-wrap\" data-name=\"Vorname\"><input size=\"40\" maxlength=\"400\" class=\"wpcf7-form-control wpcf7-text wpcf7-validates-as-required\" aria-required=\"true\" aria-invalid=\"false\" value=\"\" type=\"text\" name=\"Vorname\" \/><\/span> <\/label>\n<\/p>\n<p><label> Strasse und Nummer (erforderlich)<br \/>\n<span class=\"wpcf7-form-control-wrap\" data-name=\"Strasse\"><input size=\"40\" maxlength=\"400\" class=\"wpcf7-form-control wpcf7-text wpcf7-validates-as-required\" aria-required=\"true\" aria-invalid=\"false\" value=\"\" type=\"text\" name=\"Strasse\" \/><\/span> <\/label>\n<\/p>\n<p><label> PLZ und Ort (erforderlich)<br \/>\n<span class=\"wpcf7-form-control-wrap\" data-name=\"PLZundOrt\"><input size=\"40\" maxlength=\"400\" class=\"wpcf7-form-control wpcf7-text wpcf7-validates-as-required\" aria-required=\"true\" aria-invalid=\"false\" value=\"\" type=\"text\" name=\"PLZundOrt\" \/><\/span> <\/label>\n<\/p>\n<p><label> Geburtsdatum (erforderlich)<br \/>\n<span class=\"wpcf7-form-control-wrap\" data-name=\"Geburtsdatum\"><input size=\"40\" maxlength=\"400\" class=\"wpcf7-form-control wpcf7-text wpcf7-validates-as-required\" aria-required=\"true\" aria-invalid=\"false\" value=\"\" type=\"text\" name=\"Geburtsdatum\" \/><\/span> <\/label>\n<\/p>\n<p><label> Ihre E-Mail (erforderlich)<br \/>\n<span class=\"wpcf7-form-control-wrap\" data-name=\"your-email\"><input size=\"40\" maxlength=\"400\" class=\"wpcf7-form-control wpcf7-email wpcf7-validates-as-required wpcf7-text wpcf7-validates-as-email\" aria-required=\"true\" aria-invalid=\"false\" value=\"\" type=\"email\" name=\"your-email\" \/><\/span> <\/label>\n<\/p>\n<p><label> Telefon<br \/>\n<span class=\"wpcf7-form-control-wrap\" data-name=\"telefon\"><input size=\"40\" maxlength=\"400\" class=\"wpcf7-form-control wpcf7-text\" aria-invalid=\"false\" value=\"\" type=\"text\" name=\"telefon\" \/><\/span> <\/label>\n<\/p>\n<p><label> Welche Kamera bringen Sie mit (erforderlich)<br \/>\n<span class=\"wpcf7-form-control-wrap\" data-name=\"Welchekamera\"><input size=\"40\" maxlength=\"400\" class=\"wpcf7-form-control wpcf7-text wpcf7-validates-as-required\" aria-required=\"true\" aria-invalid=\"false\" value=\"\" type=\"text\" name=\"Welchekamera\" \/><\/span> <\/label>\n<\/p>\n<p><label> Ihr Wunsch an uns<br \/>\n<span class=\"wpcf7-form-control-wrap\" data-name=\"your-message\"><textarea cols=\"40\" rows=\"10\" maxlength=\"2000\" class=\"wpcf7-form-control wpcf7-textarea\" aria-invalid=\"false\" name=\"your-message\"><\/textarea><\/span> <\/label>\n<\/p>\n<p><input class=\"wpcf7-form-control wpcf7-submit has-spinner\" type=\"submit\" value=\"Senden\" \/>\n<\/p><div class=\"wpcf7-response-output\" aria-hidden=\"true\"><\/div>\n<\/form>\n<\/div>\n\n","protected":false},"excerpt":{"rendered":"<p>Bei dieser Foto-Exkursionm\u00f6chten wir Ihnen einige n\u00fctzliche Funktionen Ihrer Kamera\u00a0erkl\u00e4ren. Hierf\u00fcr\u00a0beobachten und Fotografieren wir das Leben und die Natur im Bally-Park. Ein erfahrener Fotograf zeigt Ihnen, warum in gewissen Situationen manuelle Aufnahmeprogramme und Messfeldeinstellung&nbsp;besser sind,&nbsp;erkl\u00e4rt&nbsp;diese und Hilft Ihnen das ganze besser zu verstehen Kursinhalt: Nach der Begr\u00fcssung und Einf\u00fchrung \u00a0in unserem Schulungsraum, fahren wir Sie &hellip; <a href=\"https:\/\/www.fego.ch\/?page_id=558\" class=\"more-link\"><span class=\"screen-reader-text\">Exkursion-Bally-Park<\/span> weiterlesen <span class=\"meta-nav\">&rarr;<\/span><\/a><\/p>\n","protected":false},"author":1,"featured_media":0,"parent":0,"menu_order":0,"comment_status":"closed","ping_status":"closed","template":"","meta":{"footnotes":"","_links_to":"","_links_to_target":""},"class_list":["post-558","page","type-page","status-publish","hentry"],"_links":{"self":[{"href":"https:\/\/www.fego.ch\/index.php?rest_route=\/wp\/v2\/pages\/558","targetHints":{"allow":["GET"]}}],"collection":[{"href":"https:\/\/www.fego.ch\/index.php?rest_route=\/wp\/v2\/pages"}],"about":[{"href":"https:\/\/www.fego.ch\/index.php?rest_route=\/wp\/v2\/types\/page"}],"author":[{"embeddable":true,"href":"https:\/\/www.fego.ch\/index.php?rest_route=\/wp\/v2\/users\/1"}],"replies":[{"embeddable":true,"href":"https:\/\/www.fego.ch\/index.php?rest_route=%2Fwp%2Fv2%2Fcomments&post=558"}],"version-history":[{"count":8,"href":"https:\/\/www.fego.ch\/index.php?rest_route=\/wp\/v2\/pages\/558\/revisions"}],"predecessor-version":[{"id":760,"href":"https:\/\/www.fego.ch\/index.php?rest_route=\/wp\/v2\/pages\/558\/revisions\/760"}],"wp:attachment":[{"href":"https:\/\/www.fego.ch\/index.php?rest_route=%2Fwp%2Fv2%2Fmedia&parent=558"}],"curies":[{"name":"wp","href":"https:\/\/api.w.org\/{rel}","templated":true}]}}